{"id":14206,"date":"2017-05-31T16:47:52","date_gmt":"2017-05-31T16:47:52","guid":{"rendered":"http:\/\/produktkatalog.pink-es.de\/produkt\/nec-np-px800-gx-dlp-8-000-ansi"},"modified":"2023-08-07T14:00:28","modified_gmt":"2023-08-07T14:00:28","slug":"nec-np-px800-gx-dlp-8-000-ansi","status":"publish","type":"product","link":"https:\/\/www.pink-event-service.de\/Mietkatalog\/produkt\/nec-np-px800-gx-dlp-8-000-ansi","title":{"rendered":"NEC NP-PX800 GX DLP 8.000 ANSI"},"content":{"rendered":"<p>Der PX800X, ein hochwertiger Installationsprojektor mit zwei Lampen, ist ideal f\u00fcr Installationen, die st\u00e4rksten Beanspruchungen standhalten m\u00fcssen und erstklassige Bildqualit\u00e4t in h\u00f6chster Aufl\u00f6sung erfordern. Als weltweit erster Projektor unterst\u00fctzt er STv2, das mit dem OPS-Standard von NEC\/Intel kompatibel ist.<\/p>\n<p>Aufgrund seiner Profi-Funktionen ist er ideal f\u00fcr Vermietung\/Veranstaltungen, gro\u00dfe Unternehmen, Hochschulen, Konferenzr\u00e4ume, Museen und Signage-Anwendungen.<\/p>\n","protected":false},"excerpt":{"rendered":"<p>Der PX800X, ein hochwertiger Installationsprojektor mit zwei Lampen, ist ideal f\u00fcr Installationen, die st\u00e4rksten Beanspruchungen standhalten m\u00fcssen und erstklassige Bildqualit\u00e4t in h\u00f6chster Aufl\u00f6sung erfordern. Als weltweit erster Projektor unterst\u00fctzt er STv2, das mit dem OPS-Standard von NEC\/Intel kompatibel ist. Aufgrund seiner Profi-Funktionen ist er ideal f\u00fcr Vermietung\/Veranstaltungen, gro\u00dfe Unternehmen, Hochschulen, Konferenzr\u00e4ume, Museen und Signage-Anwendungen.<\/p>\n","protected":false},"featured_media":14319,"template":"","meta":[],"product_brand":[],"product_cat":[309,308],"product_tag":[],"class_list":{"0":"post-14206","1":"product","2":"type-product","3":"status-publish","4":"has-post-thumbnail","6":"product_cat-projektoren","7":"product_cat-video","9":"first","10":"instock","11":"shipping-taxable","12":"purchasable","13":"product-type-simple"},"_links":{"self":[{"href":"https:\/\/www.pink-event-service.de\/Mietkatalog\/wp-json\/wp\/v2\/product\/14206","targetHints":{"allow":["GET"]}}],"collection":[{"href":"https:\/\/www.pink-event-service.de\/Mietkatalog\/wp-json\/wp\/v2\/product"}],"about":[{"href":"https:\/\/www.pink-event-service.de\/Mietkatalog\/wp-json\/wp\/v2\/types\/product"}],"wp:featuredmedia":[{"embeddable":true,"href":"https:\/\/www.pink-event-service.de\/Mietkatalog\/wp-json\/wp\/v2\/media\/14319"}],"wp:attachment":[{"href":"https:\/\/www.pink-event-service.de\/Mietkatalog\/wp-json\/wp\/v2\/media?parent=14206"}],"wp:term":[{"taxonomy":"product_brand","embeddable":true,"href":"https:\/\/www.pink-event-service.de\/Mietkatalog\/wp-json\/wp\/v2\/product_brand?post=14206"},{"taxonomy":"product_cat","embeddable":true,"href":"https:\/\/www.pink-event-service.de\/Mietkatalog\/wp-json\/wp\/v2\/product_cat?post=14206"},{"taxonomy":"product_tag","embeddable":true,"href":"https:\/\/www.pink-event-service.de\/Mietkatalog\/wp-json\/wp\/v2\/product_tag?post=14206"}],"curies":[{"name":"wp","href":"https:\/\/api.w.org\/{rel}","templated":true}]}}