{"id":14229,"date":"2017-05-31T16:48:01","date_gmt":"2017-05-31T16:48:01","guid":{"rendered":"http:\/\/produktkatalog.pink-es.de\/produkt\/kramer-vm-4hdcp-dvi-verteiler"},"modified":"2023-08-02T10:18:59","modified_gmt":"2023-08-02T10:18:59","slug":"kramer-vm-4hdcp-dvi-verteiler","status":"publish","type":"product","link":"https:\/\/www.pink-event-service.de\/Mietkatalog\/produkt\/kramer-vm-4hdcp-dvi-verteiler","title":{"rendered":"Kramer VM-4HDCP DVI-Verteiler"},"content":{"rendered":"<p>HDCP-konformer 1:4 Verteilverst\u00e4rker f\u00fcr DVI-D Signale, Aufl\u00f6sungen bis zu 1080p oder UXGA, mit Reclocking und Entzerrung.<\/p>\n","protected":false},"excerpt":{"rendered":"<p>HDCP-konformer 1:4 Verteilverst\u00e4rker f\u00fcr DVI-D Signale, Aufl\u00f6sungen bis zu 1080p oder UXGA, mit Reclocking und Entzerrung.<\/p>\n","protected":false},"featured_media":13782,"template":"","meta":[],"product_brand":[],"product_cat":[326,308],"product_tag":[],"class_list":{"0":"post-14229","1":"product","2":"type-product","3":"status-publish","4":"has-post-thumbnail","6":"product_cat-regie-zubehoer","7":"product_cat-video","9":"first","10":"instock","11":"shipping-taxable","12":"purchasable","13":"product-type-simple"},"_links":{"self":[{"href":"https:\/\/www.pink-event-service.de\/Mietkatalog\/wp-json\/wp\/v2\/product\/14229","targetHints":{"allow":["GET"]}}],"collection":[{"href":"https:\/\/www.pink-event-service.de\/Mietkatalog\/wp-json\/wp\/v2\/product"}],"about":[{"href":"https:\/\/www.pink-event-service.de\/Mietkatalog\/wp-json\/wp\/v2\/types\/product"}],"wp:featuredmedia":[{"embeddable":true,"href":"https:\/\/www.pink-event-service.de\/Mietkatalog\/wp-json\/wp\/v2\/media\/13782"}],"wp:attachment":[{"href":"https:\/\/www.pink-event-service.de\/Mietkatalog\/wp-json\/wp\/v2\/media?parent=14229"}],"wp:term":[{"taxonomy":"product_brand","embeddable":true,"href":"https:\/\/www.pink-event-service.de\/Mietkatalog\/wp-json\/wp\/v2\/product_brand?post=14229"},{"taxonomy":"product_cat","embeddable":true,"href":"https:\/\/www.pink-event-service.de\/Mietkatalog\/wp-json\/wp\/v2\/product_cat?post=14229"},{"taxonomy":"product_tag","embeddable":true,"href":"https:\/\/www.pink-event-service.de\/Mietkatalog\/wp-json\/wp\/v2\/product_tag?post=14229"}],"curies":[{"name":"wp","href":"https:\/\/api.w.org\/{rel}","templated":true}]}}