{"id":14295,"date":"2017-05-31T16:48:26","date_gmt":"2017-05-31T16:48:26","guid":{"rendered":"http:\/\/produktkatalog.pink-es.de\/produkt\/buehnenpodest-2x05m-buetec"},"modified":"2024-02-13T10:32:18","modified_gmt":"2024-02-13T10:32:18","slug":"buehnenpodest-2x05m-buetec","status":"publish","type":"product","link":"https:\/\/www.pink-event-service.de\/Mietkatalog\/produkt\/buehnenpodest-2x05m-buetec","title":{"rendered":"B\u00fchnenpodest 2&#215;0,5m B\u00fctec"},"content":{"rendered":"<p>B\u00fchnenpodest 2&#215;0,5m B\u00fctec<\/p>\n","protected":false},"excerpt":{"rendered":"<p>B\u00fchnenpodest 2&#215;0,5m B\u00fctec<\/p>\n","protected":false},"featured_media":13261,"template":"","meta":[],"product_brand":[],"product_cat":[315,317],"product_tag":[336,338,337],"class_list":{"0":"post-14295","1":"product","2":"type-product","3":"status-publish","4":"has-post-thumbnail","6":"product_cat-buhne","7":"product_cat-podeste","8":"product_tag-buehnenpodest","9":"product_tag-buetec","10":"product_tag-podest","12":"first","13":"instock","14":"shipping-taxable","15":"purchasable","16":"product-type-simple"},"_links":{"self":[{"href":"https:\/\/www.pink-event-service.de\/Mietkatalog\/wp-json\/wp\/v2\/product\/14295","targetHints":{"allow":["GET"]}}],"collection":[{"href":"https:\/\/www.pink-event-service.de\/Mietkatalog\/wp-json\/wp\/v2\/product"}],"about":[{"href":"https:\/\/www.pink-event-service.de\/Mietkatalog\/wp-json\/wp\/v2\/types\/product"}],"wp:featuredmedia":[{"embeddable":true,"href":"https:\/\/www.pink-event-service.de\/Mietkatalog\/wp-json\/wp\/v2\/media\/13261"}],"wp:attachment":[{"href":"https:\/\/www.pink-event-service.de\/Mietkatalog\/wp-json\/wp\/v2\/media?parent=14295"}],"wp:term":[{"taxonomy":"product_brand","embeddable":true,"href":"https:\/\/www.pink-event-service.de\/Mietkatalog\/wp-json\/wp\/v2\/product_brand?post=14295"},{"taxonomy":"product_cat","embeddable":true,"href":"https:\/\/www.pink-event-service.de\/Mietkatalog\/wp-json\/wp\/v2\/product_cat?post=14295"},{"taxonomy":"product_tag","embeddable":true,"href":"https:\/\/www.pink-event-service.de\/Mietkatalog\/wp-json\/wp\/v2\/product_tag?post=14295"}],"curies":[{"name":"wp","href":"https:\/\/api.w.org\/{rel}","templated":true}]}}