{"id":14298,"date":"2017-05-31T16:48:27","date_gmt":"2017-05-31T16:48:27","guid":{"rendered":"http:\/\/produktkatalog.pink-es.de\/produkt\/buehnenfuesse-20cm-80-cm-buetec"},"modified":"2024-02-13T10:29:50","modified_gmt":"2024-02-13T10:29:50","slug":"buehnenfuesse-20cm-80-cm-buetec","status":"publish","type":"product","link":"https:\/\/www.pink-event-service.de\/Mietkatalog\/produkt\/buehnenfuesse-20cm-80-cm-buetec","title":{"rendered":"B\u00fchnenf\u00fc\u00dfe 20cm &#8211; 80 cm B\u00fctec"},"content":{"rendered":"<p>B\u00fchnenf\u00fc\u00dfe 20cm &#8211; 80 cm B\u00fctec<\/p>\n","protected":false},"excerpt":{"rendered":"<p>B\u00fchnenf\u00fc\u00dfe 20cm &#8211; 80 cm B\u00fctec<\/p>\n","protected":false},"featured_media":13259,"template":"","meta":[],"product_brand":[],"product_cat":[315,317],"product_tag":[],"class_list":{"0":"post-14298","1":"product","2":"type-product","3":"status-publish","4":"has-post-thumbnail","6":"product_cat-buhne","7":"product_cat-podeste","9":"first","10":"instock","11":"shipping-taxable","12":"purchasable","13":"product-type-simple"},"_links":{"self":[{"href":"https:\/\/www.pink-event-service.de\/Mietkatalog\/wp-json\/wp\/v2\/product\/14298","targetHints":{"allow":["GET"]}}],"collection":[{"href":"https:\/\/www.pink-event-service.de\/Mietkatalog\/wp-json\/wp\/v2\/product"}],"about":[{"href":"https:\/\/www.pink-event-service.de\/Mietkatalog\/wp-json\/wp\/v2\/types\/product"}],"wp:featuredmedia":[{"embeddable":true,"href":"https:\/\/www.pink-event-service.de\/Mietkatalog\/wp-json\/wp\/v2\/media\/13259"}],"wp:attachment":[{"href":"https:\/\/www.pink-event-service.de\/Mietkatalog\/wp-json\/wp\/v2\/media?parent=14298"}],"wp:term":[{"taxonomy":"product_brand","embeddable":true,"href":"https:\/\/www.pink-event-service.de\/Mietkatalog\/wp-json\/wp\/v2\/product_brand?post=14298"},{"taxonomy":"product_cat","embeddable":true,"href":"https:\/\/www.pink-event-service.de\/Mietkatalog\/wp-json\/wp\/v2\/product_cat?post=14298"},{"taxonomy":"product_tag","embeddable":true,"href":"https:\/\/www.pink-event-service.de\/Mietkatalog\/wp-json\/wp\/v2\/product_tag?post=14298"}],"curies":[{"name":"wp","href":"https:\/\/api.w.org\/{rel}","templated":true}]}}