{"id":14301,"date":"2017-05-31T16:48:28","date_gmt":"2017-05-31T16:48:28","guid":{"rendered":"http:\/\/produktkatalog.pink-es.de\/produkt\/rollriser-adapterfuesse-einfach"},"modified":"2024-07-30T11:43:53","modified_gmt":"2024-07-30T11:43:53","slug":"rollriser-adapterfuesse-einfach","status":"publish","type":"product","link":"https:\/\/www.pink-event-service.de\/Mietkatalog\/produkt\/rollriser-adapterfuesse-einfach","title":{"rendered":"Rollriser Steckf\u00fc\u00dfe einfach f\u00fcr h=22cm"},"content":{"rendered":"<p>Rollriser Steckf\u00fc\u00dfe einfach f\u00fcr h=22cm<\/p>\n","protected":false},"excerpt":{"rendered":"<p>Rollriser Steckf\u00fc\u00dfe einfach f\u00fcr h=22cm<\/p>\n","protected":false},"featured_media":13268,"template":"","meta":[],"product_brand":[],"product_cat":[315,317],"product_tag":[],"class_list":{"0":"post-14301","1":"product","2":"type-product","3":"status-publish","4":"has-post-thumbnail","6":"product_cat-buhne","7":"product_cat-podeste","9":"first","10":"instock","11":"shipping-taxable","12":"purchasable","13":"product-type-simple"},"_links":{"self":[{"href":"https:\/\/www.pink-event-service.de\/Mietkatalog\/wp-json\/wp\/v2\/product\/14301","targetHints":{"allow":["GET"]}}],"collection":[{"href":"https:\/\/www.pink-event-service.de\/Mietkatalog\/wp-json\/wp\/v2\/product"}],"about":[{"href":"https:\/\/www.pink-event-service.de\/Mietkatalog\/wp-json\/wp\/v2\/types\/product"}],"wp:featuredmedia":[{"embeddable":true,"href":"https:\/\/www.pink-event-service.de\/Mietkatalog\/wp-json\/wp\/v2\/media\/13268"}],"wp:attachment":[{"href":"https:\/\/www.pink-event-service.de\/Mietkatalog\/wp-json\/wp\/v2\/media?parent=14301"}],"wp:term":[{"taxonomy":"product_brand","embeddable":true,"href":"https:\/\/www.pink-event-service.de\/Mietkatalog\/wp-json\/wp\/v2\/product_brand?post=14301"},{"taxonomy":"product_cat","embeddable":true,"href":"https:\/\/www.pink-event-service.de\/Mietkatalog\/wp-json\/wp\/v2\/product_cat?post=14301"},{"taxonomy":"product_tag","embeddable":true,"href":"https:\/\/www.pink-event-service.de\/Mietkatalog\/wp-json\/wp\/v2\/product_tag?post=14301"}],"curies":[{"name":"wp","href":"https:\/\/api.w.org\/{rel}","templated":true}]}}