{"id":14310,"date":"2017-05-31T16:48:32","date_gmt":"2017-05-31T16:48:32","guid":{"rendered":"http:\/\/produktkatalog.pink-es.de\/produkt\/molton-weiss-3x4m-geoest"},"modified":"2019-03-04T14:48:54","modified_gmt":"2019-03-04T14:48:54","slug":"molton-weiss-3x4m-geoest","status":"publish","type":"product","link":"https:\/\/www.pink-event-service.de\/Mietkatalog\/produkt\/molton-weiss-3x4m-geoest","title":{"rendered":"Molton wei\u00df 3x4m ge\u00f6st"},"content":{"rendered":"<p>Molton wei\u00df 3x4m ge\u00f6st<\/p>\n","protected":false},"excerpt":{"rendered":"<p>Mietpreis pro Tag (Folgetag -50%)<\/p>\n","protected":false},"featured_media":13275,"template":"","meta":[],"product_brand":[],"product_cat":[315,318],"product_tag":[],"class_list":{"0":"post-14310","1":"product","2":"type-product","3":"status-publish","4":"has-post-thumbnail","6":"product_cat-buhne","7":"product_cat-stoffe-zubehoer","9":"first","10":"instock","11":"shipping-taxable","12":"purchasable","13":"product-type-simple"},"_links":{"self":[{"href":"https:\/\/www.pink-event-service.de\/Mietkatalog\/wp-json\/wp\/v2\/product\/14310","targetHints":{"allow":["GET"]}}],"collection":[{"href":"https:\/\/www.pink-event-service.de\/Mietkatalog\/wp-json\/wp\/v2\/product"}],"about":[{"href":"https:\/\/www.pink-event-service.de\/Mietkatalog\/wp-json\/wp\/v2\/types\/product"}],"wp:featuredmedia":[{"embeddable":true,"href":"https:\/\/www.pink-event-service.de\/Mietkatalog\/wp-json\/wp\/v2\/media\/13275"}],"wp:attachment":[{"href":"https:\/\/www.pink-event-service.de\/Mietkatalog\/wp-json\/wp\/v2\/media?parent=14310"}],"wp:term":[{"taxonomy":"product_brand","embeddable":true,"href":"https:\/\/www.pink-event-service.de\/Mietkatalog\/wp-json\/wp\/v2\/product_brand?post=14310"},{"taxonomy":"product_cat","embeddable":true,"href":"https:\/\/www.pink-event-service.de\/Mietkatalog\/wp-json\/wp\/v2\/product_cat?post=14310"},{"taxonomy":"product_tag","embeddable":true,"href":"https:\/\/www.pink-event-service.de\/Mietkatalog\/wp-json\/wp\/v2\/product_tag?post=14310"}],"curies":[{"name":"wp","href":"https:\/\/api.w.org\/{rel}","templated":true}]}}