{"id":14314,"date":"2017-05-31T16:48:34","date_gmt":"2017-05-31T16:48:34","guid":{"rendered":"http:\/\/produktkatalog.pink-es.de\/produkt\/flatscreen-design-stativ-edelstahl"},"modified":"2023-04-06T16:01:11","modified_gmt":"2023-04-06T16:01:11","slug":"flatscreen-design-stativ-edelstahl","status":"publish","type":"product","link":"https:\/\/www.pink-event-service.de\/Mietkatalog\/produkt\/flatscreen-design-stativ-edelstahl","title":{"rendered":"Flatscreen Design Stativ Edelstahl"},"content":{"rendered":"<p>WENN KABEL IM STATIV VERSCHWINDEN<br \/>\nKabel sind bei Events immer im Weg. Insbesondere bei schicken Veranstaltungen, Kundenevents, Galas, auf Messen oder Kongressen sind Kabel f\u00fcr Licht-, Ton-, und Videotechnik ein notwendiges \u00dcbel, auf das man aus optischen Gr\u00fcnden gerne verzichten w\u00fcrde<br \/>\nWir von PINK Event Service haben uns dem Eventdesign verschrieben und suchen stets nach schicken L\u00f6sungen f\u00fcr den Einsatz von Veranstaltungstechnik. Und was ist schicker als Edelstahl? Und so sind unsere neuen Designstative edle Edelstahlstangen, die auf einer schicken Bodenplatte sitzen und durch die die Kabel gef\u00fchrt werden, statt au\u00dfen am Stativ herum zu baumeln.<\/p>\n<p>Edelstahl Designstativ f\u00fcr 55&#8243; Flatscreens mit dem Kabel im Rohr. Anschl\u00fcsse am Aufsatz und am Boden zur unsichtbaren Verkabelung.<br \/>\nDurchmesser 6cm, L\u00e4nge 1,84m, H\u00f6he mit montiertem Screen horizontal 2,25m; vertikal 2,50<\/p>\n<h4><a href=\"https:\/\/www.pink-event-service.de\/downloads\/Edle_Stangen.pdf\" target=\"_blank\" rel=\"noopener\"><strong>BROSCH\u00dcRE &#8211; EDLE STANGEN<\/strong><\/a><\/h4>\n","protected":false},"excerpt":{"rendered":"<p>WENN KABEL IM STATIV VERSCHWINDEN Kabel sind bei Events immer im Weg. Insbesondere bei schicken Veranstaltungen, Kundenevents, Galas, auf Messen oder Kongressen sind Kabel f\u00fcr Licht-, Ton-, und Videotechnik ein notwendiges \u00dcbel, auf das man aus optischen Gr\u00fcnden gerne verzichten w\u00fcrde Wir von PINK Event Service haben uns dem Eventdesign verschrieben und suchen stets nach [&hellip;]<\/p>\n","protected":false},"featured_media":12170,"template":"","meta":[],"product_brand":[],"product_cat":[320,321],"product_tag":[],"class_list":{"0":"post-14314","1":"product","2":"type-product","3":"status-publish","4":"has-post-thumbnail","6":"product_cat-moebel-deko","7":"product_cat-stative","9":"first","10":"instock","11":"shipping-taxable","12":"purchasable","13":"product-type-simple"},"_links":{"self":[{"href":"https:\/\/www.pink-event-service.de\/Mietkatalog\/wp-json\/wp\/v2\/product\/14314","targetHints":{"allow":["GET"]}}],"collection":[{"href":"https:\/\/www.pink-event-service.de\/Mietkatalog\/wp-json\/wp\/v2\/product"}],"about":[{"href":"https:\/\/www.pink-event-service.de\/Mietkatalog\/wp-json\/wp\/v2\/types\/product"}],"wp:featuredmedia":[{"embeddable":true,"href":"https:\/\/www.pink-event-service.de\/Mietkatalog\/wp-json\/wp\/v2\/media\/12170"}],"wp:attachment":[{"href":"https:\/\/www.pink-event-service.de\/Mietkatalog\/wp-json\/wp\/v2\/media?parent=14314"}],"wp:term":[{"taxonomy":"product_brand","embeddable":true,"href":"https:\/\/www.pink-event-service.de\/Mietkatalog\/wp-json\/wp\/v2\/product_brand?post=14314"},{"taxonomy":"product_cat","embeddable":true,"href":"https:\/\/www.pink-event-service.de\/Mietkatalog\/wp-json\/wp\/v2\/product_cat?post=14314"},{"taxonomy":"product_tag","embeddable":true,"href":"https:\/\/www.pink-event-service.de\/Mietkatalog\/wp-json\/wp\/v2\/product_tag?post=14314"}],"curies":[{"name":"wp","href":"https:\/\/api.w.org\/{rel}","templated":true}]}}