{"id":14316,"date":"2017-05-31T16:48:34","date_gmt":"2017-05-31T16:48:34","guid":{"rendered":"http:\/\/produktkatalog.pink-es.de\/produkt\/rednerpult-in-edlem-design-schwarz"},"modified":"2023-12-13T15:08:30","modified_gmt":"2023-12-13T15:08:30","slug":"rednerpult-in-edlem-design-schwarz","status":"publish","type":"product","link":"https:\/\/www.pink-event-service.de\/Mietkatalog\/produkt\/rednerpult-in-edlem-design-schwarz","title":{"rendered":"Rednerpult in edlem Design schwarz"},"content":{"rendered":"<p>Dieses edle und robuste Rednerpult pr\u00e4sentiert sich im zeitlosen Design in wei\u00df oder schwarz und eignet sich hervorragend f\u00fcr gehobene Veranstaltungen und Galaevents. Die plane Front bietet zudem die M\u00f6glichkeit des Brandings.<\/p>\n<p>Farbe: Schwarz<\/p>\n<p>H\u00f6henverstellbare Pulth\u00f6he: 96 &#8211; 117 cm<\/p>\n<p>Breite: 55 cm<\/p>\n<p>Tiefe: 45 cm<\/p>\n<p>2 x Integrierte Mikrofonhalterungen<\/p>\n<h4><a href=\"https:\/\/www.pink-event-service.de\/downloads\/Rednerpult.pdf\" target=\"_blank\" rel=\"noopener\"><strong>BROSCH\u00dcRE &#8211; REDNERPULT<\/strong><\/a><\/h4>\n","protected":false},"excerpt":{"rendered":"<p>Farbe: Schwarz<\/p>\n<p>H\u00f6henverstellbare Pulth\u00f6he: 96 &#8211; 117 cm<\/p>\n<p>Breite: 55 cm<\/p>\n<p>Tiefe: 45 cm<\/p>\n","protected":false},"featured_media":12172,"template":"","meta":[],"product_brand":[],"product_cat":[322,320],"product_tag":[],"class_list":{"0":"post-14316","1":"product","2":"type-product","3":"status-publish","4":"has-post-thumbnail","6":"product_cat-moebel","7":"product_cat-moebel-deko","9":"first","10":"instock","11":"shipping-taxable","12":"purchasable","13":"product-type-simple"},"_links":{"self":[{"href":"https:\/\/www.pink-event-service.de\/Mietkatalog\/wp-json\/wp\/v2\/product\/14316","targetHints":{"allow":["GET"]}}],"collection":[{"href":"https:\/\/www.pink-event-service.de\/Mietkatalog\/wp-json\/wp\/v2\/product"}],"about":[{"href":"https:\/\/www.pink-event-service.de\/Mietkatalog\/wp-json\/wp\/v2\/types\/product"}],"wp:featuredmedia":[{"embeddable":true,"href":"https:\/\/www.pink-event-service.de\/Mietkatalog\/wp-json\/wp\/v2\/media\/12172"}],"wp:attachment":[{"href":"https:\/\/www.pink-event-service.de\/Mietkatalog\/wp-json\/wp\/v2\/media?parent=14316"}],"wp:term":[{"taxonomy":"product_brand","embeddable":true,"href":"https:\/\/www.pink-event-service.de\/Mietkatalog\/wp-json\/wp\/v2\/product_brand?post=14316"},{"taxonomy":"product_cat","embeddable":true,"href":"https:\/\/www.pink-event-service.de\/Mietkatalog\/wp-json\/wp\/v2\/product_cat?post=14316"},{"taxonomy":"product_tag","embeddable":true,"href":"https:\/\/www.pink-event-service.de\/Mietkatalog\/wp-json\/wp\/v2\/product_tag?post=14316"}],"curies":[{"name":"wp","href":"https:\/\/api.w.org\/{rel}","templated":true}]}}