{"id":14360,"date":"2017-06-07T15:40:39","date_gmt":"2017-06-07T15:40:39","guid":{"rendered":"http:\/\/produktkatalog.pink-es.de\/produkt\/blackmagic-battery-converter-sdi-hdmi"},"modified":"2023-08-02T10:01:35","modified_gmt":"2023-08-02T10:01:35","slug":"blackmagic-battery-converter-sdi-hdmi","status":"publish","type":"product","link":"https:\/\/www.pink-event-service.de\/Mietkatalog\/produkt\/blackmagic-battery-converter-sdi-hdmi","title":{"rendered":"Blackmagic Battery Converter SDI> HDMI"},"content":{"rendered":"<p>Signalwandler mit eingebautem Akku zum Konvertieren von 3G-SDI \/ HD-SDI \/ SDI zu HDMI<\/p>\n<p>Eigenschaften:<br \/>\n&#8211; Eingebauter aufladbarer Lithium-Ionen-Akku<br \/>\n&#8211; \u00dcber 2 Stunden Akkudauer<br \/>\n&#8211; Umschaltknopf f\u00fcr Akku- oder Netzbetrieb<br \/>\n&#8211; Multi Rate Unterst\u00fctzung: Automatische Erkennung von 3G, HD oder SD SDI Eingangssignal<br \/>\n&#8211; SDI Abtastfrequenz &amp; Farbgenauigkeit: 4:2:2<br \/>\n&#8211; SDI &amp; HDMI Farbraum: YUV<br \/>\n&#8211; SDI Audio Frequenzbereich: 48 kHz und 24 Bit<br \/>\n&#8211; SDI Format Unterst\u00fctzung: 525\/29.97 NTSC, 625\/25 PAL, 720p50, 720p59.94, 720p60, 1080i50, 1080i59.94, 1080i60, 1080PsF23.98, 1080PsF24, 1080PsF25, 1080p29.97, 1080p30, 1080p50, 1080p59.94 und 1080p60<br \/>\n&#8211; HDMI Format Unterst\u00fctzung: 525\/29.97 NTSC, 625\/25 PAL, 720p50, 720p59.94, 720p60, 1080i50, 1080i59.94, 1080i60, 1080p23.98, 1080p24, 1080p25, 1080p29.97, 1080p30, 1080p50, 1080p59.94 und 1080p60<br \/>\n&#8211; Updates und Konfiguration \u00fcber USB 2.0<br \/>\n&#8211; 2 Jahre Herstellergarantie<\/p>\n<p>Eing\u00e4nge:<br \/>\n&#8211; 1x 3G-SDI \/ HD-SDI \/ SDI (umschaltbar)<\/p>\n<p>Ausg\u00e4nge:<br \/>\n&#8211; 1x 3G-SDI \/ HD-SDI \/ SDI (Loop Through)<br \/>\n&#8211; 1x HDMI<\/p>\n","protected":false},"excerpt":{"rendered":"<p>Signalwandler mit eingebautem Akku zum Konvertieren von 3G-SDI \/ HD-SDI \/ SDI zu HDMI Eigenschaften: &#8211; Eingebauter aufladbarer Lithium-Ionen-Akku &#8211; \u00dcber 2 Stunden Akkudauer &#8211; Umschaltknopf f\u00fcr Akku- oder Netzbetrieb &#8211; Multi Rate Unterst\u00fctzung: Automatische Erkennung von 3G, HD oder SD SDI Eingangssignal &#8211; SDI Abtastfrequenz &amp; Farbgenauigkeit: 4:2:2 &#8211; SDI &amp; HDMI Farbraum: YUV [&hellip;]<\/p>\n","protected":false},"featured_media":14351,"template":"","meta":[],"product_brand":[],"product_cat":[326,308],"product_tag":[],"class_list":{"0":"post-14360","1":"product","2":"type-product","3":"status-publish","4":"has-post-thumbnail","6":"product_cat-regie-zubehoer","7":"product_cat-video","9":"first","10":"instock","11":"shipping-taxable","12":"purchasable","13":"product-type-simple"},"_links":{"self":[{"href":"https:\/\/www.pink-event-service.de\/Mietkatalog\/wp-json\/wp\/v2\/product\/14360","targetHints":{"allow":["GET"]}}],"collection":[{"href":"https:\/\/www.pink-event-service.de\/Mietkatalog\/wp-json\/wp\/v2\/product"}],"about":[{"href":"https:\/\/www.pink-event-service.de\/Mietkatalog\/wp-json\/wp\/v2\/types\/product"}],"wp:featuredmedia":[{"embeddable":true,"href":"https:\/\/www.pink-event-service.de\/Mietkatalog\/wp-json\/wp\/v2\/media\/14351"}],"wp:attachment":[{"href":"https:\/\/www.pink-event-service.de\/Mietkatalog\/wp-json\/wp\/v2\/media?parent=14360"}],"wp:term":[{"taxonomy":"product_brand","embeddable":true,"href":"https:\/\/www.pink-event-service.de\/Mietkatalog\/wp-json\/wp\/v2\/product_brand?post=14360"},{"taxonomy":"product_cat","embeddable":true,"href":"https:\/\/www.pink-event-service.de\/Mietkatalog\/wp-json\/wp\/v2\/product_cat?post=14360"},{"taxonomy":"product_tag","embeddable":true,"href":"https:\/\/www.pink-event-service.de\/Mietkatalog\/wp-json\/wp\/v2\/product_tag?post=14360"}],"curies":[{"name":"wp","href":"https:\/\/api.w.org\/{rel}","templated":true}]}}