{"id":14506,"date":"2018-06-20T09:43:15","date_gmt":"2018-06-20T09:43:15","guid":{"rendered":"http:\/\/pink-event-service.de\/Mietkatalog\/produkt\/dpa-dfacto-ii"},"modified":"2023-03-28T08:36:25","modified_gmt":"2023-03-28T08:36:25","slug":"dpa-dfacto-ii","status":"publish","type":"product","link":"https:\/\/www.pink-event-service.de\/Mietkatalog\/produkt\/dpa-dfacto-ii","title":{"rendered":"DPA d:facto II"},"content":{"rendered":"<p>Au\u00dfergew\u00f6hnlich nat\u00fcrlicher Klang<br \/>\nPerfekt gleichm\u00e4\u00dfige Supernieren-Richtcharakteristik<br \/>\n\u00c4u\u00dferst geringes Grundrauschen<br \/>\nHohe Trennsch\u00e4rfe<br \/>\nExtreme SPL-Verarbeitung<br \/>\nSchlankes Design<\/p>\n","protected":false},"excerpt":{"rendered":"<p>Au\u00dfergew\u00f6hnlich nat\u00fcrlicher Klang Perfekt gleichm\u00e4\u00dfige Supernieren-Richtcharakteristik \u00c4u\u00dferst geringes Grundrauschen Hohe Trennsch\u00e4rfe Extreme SPL-Verarbeitung Schlankes Design<\/p>\n","protected":false},"featured_media":14526,"template":"","meta":[],"product_brand":[],"product_cat":[294,284],"product_tag":[],"class_list":{"0":"post-14506","1":"product","2":"type-product","3":"status-publish","4":"has-post-thumbnail","6":"product_cat-mikrofonie","7":"product_cat-ton","9":"first","10":"instock","11":"shipping-taxable","12":"purchasable","13":"product-type-simple"},"_links":{"self":[{"href":"https:\/\/www.pink-event-service.de\/Mietkatalog\/wp-json\/wp\/v2\/product\/14506","targetHints":{"allow":["GET"]}}],"collection":[{"href":"https:\/\/www.pink-event-service.de\/Mietkatalog\/wp-json\/wp\/v2\/product"}],"about":[{"href":"https:\/\/www.pink-event-service.de\/Mietkatalog\/wp-json\/wp\/v2\/types\/product"}],"wp:featuredmedia":[{"embeddable":true,"href":"https:\/\/www.pink-event-service.de\/Mietkatalog\/wp-json\/wp\/v2\/media\/14526"}],"wp:attachment":[{"href":"https:\/\/www.pink-event-service.de\/Mietkatalog\/wp-json\/wp\/v2\/media?parent=14506"}],"wp:term":[{"taxonomy":"product_brand","embeddable":true,"href":"https:\/\/www.pink-event-service.de\/Mietkatalog\/wp-json\/wp\/v2\/product_brand?post=14506"},{"taxonomy":"product_cat","embeddable":true,"href":"https:\/\/www.pink-event-service.de\/Mietkatalog\/wp-json\/wp\/v2\/product_cat?post=14506"},{"taxonomy":"product_tag","embeddable":true,"href":"https:\/\/www.pink-event-service.de\/Mietkatalog\/wp-json\/wp\/v2\/product_tag?post=14506"}],"curies":[{"name":"wp","href":"https:\/\/api.w.org\/{rel}","templated":true}]}}