{"id":14515,"date":"2018-06-20T09:43:17","date_gmt":"2018-06-20T09:43:17","guid":{"rendered":"http:\/\/pink-event-service.de\/Mietkatalog\/produkt\/ledersessel-weiss"},"modified":"2023-02-20T15:05:50","modified_gmt":"2023-02-20T15:05:50","slug":"ledersessel-weiss","status":"publish","type":"product","link":"https:\/\/www.pink-event-service.de\/Mietkatalog\/produkt\/ledersessel-weiss","title":{"rendered":"Cocktail Sessel wei\u00df"},"content":{"rendered":"<p>Das klassische Design von dem gem\u00fctlichen Cocktailsessel harmoniert optimal mit geradezu jedem Einrichtungskonzept. Der Sessel punktet mit der Qualit\u00e4t des verwendeten Kunstleders.\u00a0 Ein \u00dcberzug aus Kunstleder verleiht der wei\u00dfen Sitz- und R\u00fcckenfl\u00e4che h\u00f6chsten Sitzkomfort. Das M\u00f6belst\u00fcck verf\u00fcgt \u00fcber eine bequeme Polsterung aus Schaumstoff. Die schwarzen F\u00fc\u00dfe aus Kunststoff verleihen dem Sessel einen sicheren Stand.<\/p>\n<p>Farbe: Wei\u00df<\/p>\n<p>H\u00f6he: 72,5 cm<\/p>\n<p>Breite: 61 cm<\/p>\n<p>Tiefe: 57,5 cm<\/p>\n","protected":false},"excerpt":{"rendered":"<p>Farbe: Wei\u00df<\/p>\n<p>H\u00f6he: 72,5 cm<\/p>\n<p>Breite: 61 cm<\/p>\n<p>Tiefe: 57,5 cm<\/p>\n","protected":false},"featured_media":14519,"template":"","meta":[],"product_brand":[],"product_cat":[322,320],"product_tag":[],"class_list":{"0":"post-14515","1":"product","2":"type-product","3":"status-publish","4":"has-post-thumbnail","6":"product_cat-moebel","7":"product_cat-moebel-deko","9":"first","10":"instock","11":"shipping-taxable","12":"purchasable","13":"product-type-simple"},"_links":{"self":[{"href":"https:\/\/www.pink-event-service.de\/Mietkatalog\/wp-json\/wp\/v2\/product\/14515","targetHints":{"allow":["GET"]}}],"collection":[{"href":"https:\/\/www.pink-event-service.de\/Mietkatalog\/wp-json\/wp\/v2\/product"}],"about":[{"href":"https:\/\/www.pink-event-service.de\/Mietkatalog\/wp-json\/wp\/v2\/types\/product"}],"wp:featuredmedia":[{"embeddable":true,"href":"https:\/\/www.pink-event-service.de\/Mietkatalog\/wp-json\/wp\/v2\/media\/14519"}],"wp:attachment":[{"href":"https:\/\/www.pink-event-service.de\/Mietkatalog\/wp-json\/wp\/v2\/media?parent=14515"}],"wp:term":[{"taxonomy":"product_brand","embeddable":true,"href":"https:\/\/www.pink-event-service.de\/Mietkatalog\/wp-json\/wp\/v2\/product_brand?post=14515"},{"taxonomy":"product_cat","embeddable":true,"href":"https:\/\/www.pink-event-service.de\/Mietkatalog\/wp-json\/wp\/v2\/product_cat?post=14515"},{"taxonomy":"product_tag","embeddable":true,"href":"https:\/\/www.pink-event-service.de\/Mietkatalog\/wp-json\/wp\/v2\/product_tag?post=14515"}],"curies":[{"name":"wp","href":"https:\/\/api.w.org\/{rel}","templated":true}]}}