{"id":14539,"date":"2019-03-01T11:19:28","date_gmt":"2019-03-01T11:19:28","guid":{"rendered":"http:\/\/pink-event-service.de\/Mietkatalog\/?post_type=product&#038;p=14539"},"modified":"2023-08-24T13:25:56","modified_gmt":"2023-08-24T13:25:56","slug":"arri-1kw-plus","status":"publish","type":"product","link":"https:\/\/www.pink-event-service.de\/Mietkatalog\/produkt\/arri-1kw-plus","title":{"rendered":"ARRI 1kW Plus"},"content":{"rendered":"<div class=\"csc-header csc-header-n1\">Die ARRI Junior Serie ist nicht nur ideal f\u00fcr kleine Studios, sondern auch f\u00fcr den mobilen Einsatz. Das geringe Gewicht und die kompakte Gr\u00f6\u00dfe machen sie zu einem universellen Werkzeug f\u00fcr beengte Verh\u00e4ltnisse, ohne dass die Effizienz oder die Lebensdauer der Lampe beeintr\u00e4chtigt wird.<\/div>\n<p>Die klassische ARRI-Konstruktion aus stabilem und rostfreiem Aluminium-Strangpress- und Druckguss macht den Junior ideal f\u00fcr den Au\u00dfeneinsatz.<\/p>\n<ul>\n<li>&#8211; hervorragende optische Leistung<\/li>\n<li>hoher Wirkungsgrad<\/li>\n<li>kompakte Gr\u00f6\u00dfe<\/li>\n<li>robuste Konstruktion<\/li>\n<li>einfache Bedienung<\/li>\n<\/ul>\n","protected":false},"excerpt":{"rendered":"<p>Die ARRI Junior Serie ist nicht nur ideal f\u00fcr kleine Studios, sondern auch f\u00fcr den mobilen Einsatz. Das geringe Gewicht und die kompakte Gr\u00f6\u00dfe machen sie zu einem universellen Werkzeug f\u00fcr beengte Verh\u00e4ltnisse, ohne dass die Effizienz oder die Lebensdauer der Lampe beeintr\u00e4chtigt wird. Die klassische ARRI-Konstruktion aus stabilem und rostfreiem Aluminium-Strangpress- und Druckguss macht [&hellip;]<\/p>\n","protected":false},"featured_media":14687,"template":"","meta":[],"product_brand":[],"product_cat":[298,297],"product_tag":[],"class_list":{"0":"post-14539","1":"product","2":"type-product","3":"status-publish","4":"has-post-thumbnail","6":"product_cat-konventionelle-scheinwerfer","7":"product_cat-licht","9":"first","10":"instock","11":"shipping-taxable","12":"purchasable","13":"product-type-simple"},"_links":{"self":[{"href":"https:\/\/www.pink-event-service.de\/Mietkatalog\/wp-json\/wp\/v2\/product\/14539","targetHints":{"allow":["GET"]}}],"collection":[{"href":"https:\/\/www.pink-event-service.de\/Mietkatalog\/wp-json\/wp\/v2\/product"}],"about":[{"href":"https:\/\/www.pink-event-service.de\/Mietkatalog\/wp-json\/wp\/v2\/types\/product"}],"wp:featuredmedia":[{"embeddable":true,"href":"https:\/\/www.pink-event-service.de\/Mietkatalog\/wp-json\/wp\/v2\/media\/14687"}],"wp:attachment":[{"href":"https:\/\/www.pink-event-service.de\/Mietkatalog\/wp-json\/wp\/v2\/media?parent=14539"}],"wp:term":[{"taxonomy":"product_brand","embeddable":true,"href":"https:\/\/www.pink-event-service.de\/Mietkatalog\/wp-json\/wp\/v2\/product_brand?post=14539"},{"taxonomy":"product_cat","embeddable":true,"href":"https:\/\/www.pink-event-service.de\/Mietkatalog\/wp-json\/wp\/v2\/product_cat?post=14539"},{"taxonomy":"product_tag","embeddable":true,"href":"https:\/\/www.pink-event-service.de\/Mietkatalog\/wp-json\/wp\/v2\/product_tag?post=14539"}],"curies":[{"name":"wp","href":"https:\/\/api.w.org\/{rel}","templated":true}]}}