{"id":14540,"date":"2019-03-01T11:35:12","date_gmt":"2019-03-01T11:35:12","guid":{"rendered":"http:\/\/pink-event-service.de\/Mietkatalog\/?post_type=product&#038;p=14540"},"modified":"2023-08-24T13:13:13","modified_gmt":"2023-08-24T13:13:13","slug":"par-36-pinspot","status":"publish","type":"product","link":"https:\/\/www.pink-event-service.de\/Mietkatalog\/produkt\/par-36-pinspot","title":{"rendered":"PAR 36 Pinspot"},"content":{"rendered":"<ul class=\"prod-features\">\n<li>Pinspot inkl. Lampe<\/li>\n<li>sehr enger Abstrahlwinkel<\/li>\n<li>in 4 m Entfernung wird ein 30 cm gro\u00dfer Lichtkreis abgebildet<\/li>\n<li>inklusive 70 cm langem Anschlusskabel mit Schutzkontaktstecker<\/li>\n<li>Arretierm\u00f6glichkeit am Halteb\u00fcgel<\/li>\n<li>Farbkappen oder Farbfolien k\u00f6nnen vorgesetzt werden<\/li>\n<li>zum Anstrahlen von z. B. Spiegelkugeln, Eingangs- oder Thekenbereiche oder als Grundbeleuchtung<\/li>\n<li>geringe Leistungsaufnahme<\/li>\n<li>f\u00fcr 6 V\/30 W PAR-36 Lampe<\/li>\n<li>Spannungsversorgung: 230 V AC \/ 50 Hz ~<\/li>\n<li>Gesamtanschlusswert: 40 W<\/li>\n<\/ul>\n","protected":false},"excerpt":{"rendered":"<p>Pinspot inkl. Lampe sehr enger Abstrahlwinkel in 4 m Entfernung wird ein 30 cm gro\u00dfer Lichtkreis abgebildet inklusive 70 cm langem Anschlusskabel mit Schutzkontaktstecker Arretierm\u00f6glichkeit am Halteb\u00fcgel Farbkappen oder Farbfolien k\u00f6nnen vorgesetzt werden zum Anstrahlen von z. B. Spiegelkugeln, Eingangs- oder Thekenbereiche oder als Grundbeleuchtung geringe Leistungsaufnahme f\u00fcr 6 V\/30 W PAR-36 Lampe Spannungsversorgung: 230 [&hellip;]<\/p>\n","protected":false},"featured_media":14724,"template":"","meta":[],"product_brand":[],"product_cat":[298,297],"product_tag":[],"class_list":{"0":"post-14540","1":"product","2":"type-product","3":"status-publish","4":"has-post-thumbnail","6":"product_cat-konventionelle-scheinwerfer","7":"product_cat-licht","9":"first","10":"instock","11":"shipping-taxable","12":"purchasable","13":"product-type-simple"},"_links":{"self":[{"href":"https:\/\/www.pink-event-service.de\/Mietkatalog\/wp-json\/wp\/v2\/product\/14540","targetHints":{"allow":["GET"]}}],"collection":[{"href":"https:\/\/www.pink-event-service.de\/Mietkatalog\/wp-json\/wp\/v2\/product"}],"about":[{"href":"https:\/\/www.pink-event-service.de\/Mietkatalog\/wp-json\/wp\/v2\/types\/product"}],"wp:featuredmedia":[{"embeddable":true,"href":"https:\/\/www.pink-event-service.de\/Mietkatalog\/wp-json\/wp\/v2\/media\/14724"}],"wp:attachment":[{"href":"https:\/\/www.pink-event-service.de\/Mietkatalog\/wp-json\/wp\/v2\/media?parent=14540"}],"wp:term":[{"taxonomy":"product_brand","embeddable":true,"href":"https:\/\/www.pink-event-service.de\/Mietkatalog\/wp-json\/wp\/v2\/product_brand?post=14540"},{"taxonomy":"product_cat","embeddable":true,"href":"https:\/\/www.pink-event-service.de\/Mietkatalog\/wp-json\/wp\/v2\/product_cat?post=14540"},{"taxonomy":"product_tag","embeddable":true,"href":"https:\/\/www.pink-event-service.de\/Mietkatalog\/wp-json\/wp\/v2\/product_tag?post=14540"}],"curies":[{"name":"wp","href":"https:\/\/api.w.org\/{rel}","templated":true}]}}