{"id":14541,"date":"2019-03-01T12:01:34","date_gmt":"2019-03-01T12:01:34","guid":{"rendered":"http:\/\/pink-event-service.de\/Mietkatalog\/?post_type=product&#038;p=14541"},"modified":"2023-08-24T15:04:13","modified_gmt":"2023-08-24T15:04:13","slug":"4er-bar-kld-401-led","status":"publish","type":"product","link":"https:\/\/www.pink-event-service.de\/Mietkatalog\/produkt\/4er-bar-kld-401-led","title":{"rendered":"4er-Bar KLD-401 LED"},"content":{"rendered":"<div class=\"row\">\n<div class=\"module module-5 col-xsp-12\" data-fullsize=\"true\">\n<div class=\"col-xsp-12\">\n<div class=\"contentText\">\n<p>DMX-LED-Scheinwerferset mit RGB-LEDs f\u00fcr mobilen Einsatz Komplette Lichtanlage bestehend aus 4 superflachen LED-Spots und einem Quertr\u00e4ger mit integrierter DMX-Steuereinheit und Stativadapter.<\/p>\n<ul>\n<li>Komplette Lichtanlage mit vier superflachen LED-Spots<\/li>\n<li>Quertr\u00e4ger mit integrierter DMX-Steuereinheit<\/li>\n<li>TV-Zapfen zur Installation auf Stativen mit 28 mm Innendurchmesser<\/li>\n<li>Absolutes Leichtgewicht bestens geeignet f\u00fcr mobilen Einsatz<\/li>\n<li>180 x 10-mm-LED pro Spot (60 rote, 60 gr\u00fcne, 60 blaue)<\/li>\n<li>Scheinwerfer schwenk- und neigbar<\/li>\n<li>DMX-gesteuerter Betrieb oder Standalone-Betrieb mit prozessorgesteuertem Farbwechsel<\/li>\n<li>Master\/Slave-Betrieb<\/li>\n<li>Musiksteuerung \u00fcber eingebautes Mikrofon mit Empfindlichkeitsregler<\/li>\n<li>DMX512-Steuerung \u00fcber jeden handels\u00fcblichen DMX-Controller m\u00f6glich (belegt 15 Kan\u00e4le)<\/li>\n<li>Optimiert f\u00fcr die Steuerung mit dem optionalen Steuerpult DMX LED Operator 4<\/li>\n<li>Per DMX kann jeder Spot einzeln angesteuert werden<\/li>\n<li>DMX-Funktionen: Dimmer, Automatikbetrieb, Musiksteuerung, Strobe-Effekt<\/li>\n<li>Adressierung und Einstellungen \u00fcber Steuereinheit mit 4-stelliger LED-Anzeige<\/li>\n<li>Schwarz lackierte Metallausf\u00fchrung<\/li>\n<li>Ideal f\u00fcr Bands, B\u00fchnen oder Alleinunterhalter<\/li>\n<li>Anschlussfertig mit Netzleitung und Schutzkontaktstecker<\/li>\n<li>4 Kaltger\u00e4teausg\u00e4nge zur Stromversorgung von weiteren Ger\u00e4ten<\/li>\n<\/ul>\n<\/div>\n<\/div>\n<\/div>\n<\/div>\n","protected":false},"excerpt":{"rendered":"<p>DMX-LED-Scheinwerferset mit RGB-LEDs f\u00fcr mobilen Einsatz Komplette Lichtanlage bestehend aus 4 superflachen LED-Spots und einem Quertr\u00e4ger mit integrierter DMX-Steuereinheit und Stativadapter. Komplette Lichtanlage mit vier superflachen LED-Spots Quertr\u00e4ger mit integrierter DMX-Steuereinheit TV-Zapfen zur Installation auf Stativen mit 28 mm Innendurchmesser Absolutes Leichtgewicht bestens geeignet f\u00fcr mobilen Einsatz 180 x 10-mm-LED pro Spot (60 rote, 60 [&hellip;]<\/p>\n","protected":false},"featured_media":14685,"template":"","meta":[],"product_brand":[],"product_cat":[299,331,297],"product_tag":[],"class_list":{"0":"post-14541","1":"product","2":"type-product","3":"status-publish","4":"has-post-thumbnail","6":"product_cat-effektlicht","7":"product_cat-led","8":"product_cat-licht","10":"first","11":"instock","12":"shipping-taxable","13":"purchasable","14":"product-type-simple"},"_links":{"self":[{"href":"https:\/\/www.pink-event-service.de\/Mietkatalog\/wp-json\/wp\/v2\/product\/14541","targetHints":{"allow":["GET"]}}],"collection":[{"href":"https:\/\/www.pink-event-service.de\/Mietkatalog\/wp-json\/wp\/v2\/product"}],"about":[{"href":"https:\/\/www.pink-event-service.de\/Mietkatalog\/wp-json\/wp\/v2\/types\/product"}],"wp:featuredmedia":[{"embeddable":true,"href":"https:\/\/www.pink-event-service.de\/Mietkatalog\/wp-json\/wp\/v2\/media\/14685"}],"wp:attachment":[{"href":"https:\/\/www.pink-event-service.de\/Mietkatalog\/wp-json\/wp\/v2\/media?parent=14541"}],"wp:term":[{"taxonomy":"product_brand","embeddable":true,"href":"https:\/\/www.pink-event-service.de\/Mietkatalog\/wp-json\/wp\/v2\/product_brand?post=14541"},{"taxonomy":"product_cat","embeddable":true,"href":"https:\/\/www.pink-event-service.de\/Mietkatalog\/wp-json\/wp\/v2\/product_cat?post=14541"},{"taxonomy":"product_tag","embeddable":true,"href":"https:\/\/www.pink-event-service.de\/Mietkatalog\/wp-json\/wp\/v2\/product_tag?post=14541"}],"curies":[{"name":"wp","href":"https:\/\/api.w.org\/{rel}","templated":true}]}}