{"id":14579,"date":"2019-03-04T11:12:12","date_gmt":"2019-03-04T11:12:12","guid":{"rendered":"http:\/\/pink-event-service.de\/Mietkatalog\/?post_type=product&#038;p=14579"},"modified":"2023-08-02T09:54:23","modified_gmt":"2023-08-02T09:54:23","slug":"barco-pds-902-3g","status":"publish","type":"product","link":"https:\/\/www.pink-event-service.de\/Mietkatalog\/produkt\/barco-pds-902-3g","title":{"rendered":"Barco PDS-902 3G"},"content":{"rendered":"<p>Presentation-Switcher<br \/>\nEing\u00e4nge: 4 x VGA, 4 x DVI-I (HDCP kompatibel), 1 x 3G-SDI<br \/>\nProgramm Ausg\u00e4nge: 1 x VGA, 1 x DVI, 1 x SDI<br \/>\nPreview Ausg\u00e4nge: 1 x VGA, 1 x DVI<br \/>\nLogo, Dual PIP Mode, 9&#215;2 Matrix mode<br \/>\nSteuerung: Frontbedienfeld, Netzwerk, RS-232<\/p>\n","protected":false},"excerpt":{"rendered":"<p>Presentation-Switcher Eing\u00e4nge: 4 x VGA, 4 x DVI-I (HDCP kompatibel), 1 x 3G-SDI Programm Ausg\u00e4nge: 1 x VGA, 1 x DVI, 1 x SDI Preview Ausg\u00e4nge: 1 x VGA, 1 x DVI Logo, Dual PIP Mode, 9&#215;2 Matrix mode Steuerung: Frontbedienfeld, Netzwerk, RS-232<\/p>\n","protected":false},"featured_media":14689,"template":"","meta":[],"product_brand":[],"product_cat":[326,308],"product_tag":[],"class_list":{"0":"post-14579","1":"product","2":"type-product","3":"status-publish","4":"has-post-thumbnail","6":"product_cat-regie-zubehoer","7":"product_cat-video","9":"first","10":"instock","11":"shipping-taxable","12":"purchasable","13":"product-type-simple"},"_links":{"self":[{"href":"https:\/\/www.pink-event-service.de\/Mietkatalog\/wp-json\/wp\/v2\/product\/14579","targetHints":{"allow":["GET"]}}],"collection":[{"href":"https:\/\/www.pink-event-service.de\/Mietkatalog\/wp-json\/wp\/v2\/product"}],"about":[{"href":"https:\/\/www.pink-event-service.de\/Mietkatalog\/wp-json\/wp\/v2\/types\/product"}],"wp:featuredmedia":[{"embeddable":true,"href":"https:\/\/www.pink-event-service.de\/Mietkatalog\/wp-json\/wp\/v2\/media\/14689"}],"wp:attachment":[{"href":"https:\/\/www.pink-event-service.de\/Mietkatalog\/wp-json\/wp\/v2\/media?parent=14579"}],"wp:term":[{"taxonomy":"product_brand","embeddable":true,"href":"https:\/\/www.pink-event-service.de\/Mietkatalog\/wp-json\/wp\/v2\/product_brand?post=14579"},{"taxonomy":"product_cat","embeddable":true,"href":"https:\/\/www.pink-event-service.de\/Mietkatalog\/wp-json\/wp\/v2\/product_cat?post=14579"},{"taxonomy":"product_tag","embeddable":true,"href":"https:\/\/www.pink-event-service.de\/Mietkatalog\/wp-json\/wp\/v2\/product_tag?post=14579"}],"curies":[{"name":"wp","href":"https:\/\/api.w.org\/{rel}","templated":true}]}}