{"id":14589,"date":"2019-03-04T11:38:17","date_gmt":"2019-03-04T11:38:17","guid":{"rendered":"http:\/\/pink-event-service.de\/Mietkatalog\/?post_type=product&#038;p=14589"},"modified":"2023-08-02T09:43:59","modified_gmt":"2023-08-02T09:43:59","slug":"logitech-r400-usb","status":"publish","type":"product","link":"https:\/\/www.pink-event-service.de\/Mietkatalog\/produkt\/logitech-r400-usb","title":{"rendered":"Logitech R400 USB"},"content":{"rendered":"<div class=\"additional-features-item\">\n<h3>F\u00fcr mehr Souver\u00e4nit\u00e4t<\/h3>\n<div class=\"feature-content\">\n<p>Die intuitiven Bedienelemente und der rote Laserpointer machen Pr\u00e4sentationen selbst in den dunkelsten Vortragsr\u00e4umen zu einem <span class=\"text-nowrap\">Kinderspiel.<a class=\"footnote\" href=\"https:\/\/www.logitech.com\/de-de\/product\/wireless-presenter-r400#footnote1\">1<\/a><\/span><\/p>\n<\/div>\n<\/div>\n<div class=\"additional-features-item\">\n<h3>Mehr Bewegung<\/h3>\n<div class=\"feature-content\">\n<p>Dank der Reichweite von 15 Metern und der Batteriestandsanzeige werden gew\u00f6hnliche Pr\u00e4sentationen au\u00dfergew\u00f6hnlich.<\/p>\n<\/div>\n<\/div>\n<div class=\"additional-features-item\">\n<h3>Sofort einsatzbereit<\/h3>\n<div class=\"feature-content\">\n<p>Eine Software ist nicht erforderlich. Schlie\u00dfen Sie einfach den Empf\u00e4nger an eine USB-Schnittstelle an und los geht&#8217;s.<\/p>\n<\/div>\n<\/div>\n<div class=\"additional-features-item\">\n<h3>Intuitive Bedienelemente<\/h3>\n<div class=\"feature-content\">\n<p>Finden Sie die Tasten ganz einfach \u2013 ohne Hinschauen. Und dank geschmeidiger Konturen liegt der Presenter gut in der Hand. Sie haben vom Anfang bis zum Ende alles unter Kontrolle.<\/p>\n<\/div>\n<\/div>\n","protected":false},"excerpt":{"rendered":"<p>F\u00fcr mehr Souver\u00e4nit\u00e4t Die intuitiven Bedienelemente und der rote Laserpointer machen Pr\u00e4sentationen selbst in den dunkelsten Vortragsr\u00e4umen zu einem Kinderspiel.1 Mehr Bewegung Dank der Reichweite von 15 Metern und der Batteriestandsanzeige werden gew\u00f6hnliche Pr\u00e4sentationen au\u00dfergew\u00f6hnlich. Sofort einsatzbereit Eine Software ist nicht erforderlich. Schlie\u00dfen Sie einfach den Empf\u00e4nger an eine USB-Schnittstelle an und los geht&#8217;s. Intuitive [&hellip;]<\/p>\n","protected":false},"featured_media":14714,"template":"","meta":[],"product_brand":[],"product_cat":[326,308],"product_tag":[],"class_list":{"0":"post-14589","1":"product","2":"type-product","3":"status-publish","4":"has-post-thumbnail","6":"product_cat-regie-zubehoer","7":"product_cat-video","9":"first","10":"instock","11":"shipping-taxable","12":"purchasable","13":"product-type-simple"},"_links":{"self":[{"href":"https:\/\/www.pink-event-service.de\/Mietkatalog\/wp-json\/wp\/v2\/product\/14589","targetHints":{"allow":["GET"]}}],"collection":[{"href":"https:\/\/www.pink-event-service.de\/Mietkatalog\/wp-json\/wp\/v2\/product"}],"about":[{"href":"https:\/\/www.pink-event-service.de\/Mietkatalog\/wp-json\/wp\/v2\/types\/product"}],"wp:featuredmedia":[{"embeddable":true,"href":"https:\/\/www.pink-event-service.de\/Mietkatalog\/wp-json\/wp\/v2\/media\/14714"}],"wp:attachment":[{"href":"https:\/\/www.pink-event-service.de\/Mietkatalog\/wp-json\/wp\/v2\/media?parent=14589"}],"wp:term":[{"taxonomy":"product_brand","embeddable":true,"href":"https:\/\/www.pink-event-service.de\/Mietkatalog\/wp-json\/wp\/v2\/product_brand?post=14589"},{"taxonomy":"product_cat","embeddable":true,"href":"https:\/\/www.pink-event-service.de\/Mietkatalog\/wp-json\/wp\/v2\/product_cat?post=14589"},{"taxonomy":"product_tag","embeddable":true,"href":"https:\/\/www.pink-event-service.de\/Mietkatalog\/wp-json\/wp\/v2\/product_tag?post=14589"}],"curies":[{"name":"wp","href":"https:\/\/api.w.org\/{rel}","templated":true}]}}