{"id":14628,"date":"2019-03-04T14:47:40","date_gmt":"2019-03-04T14:47:40","guid":{"rendered":"http:\/\/pink-event-service.de\/Mietkatalog\/?post_type=product&#038;p=14628"},"modified":"2024-02-13T10:58:08","modified_gmt":"2024-02-13T10:58:08","slug":"moltonkasch-genaeht-100x700cm","status":"publish","type":"product","link":"https:\/\/www.pink-event-service.de\/Mietkatalog\/produkt\/moltonkasch-genaeht-100x700cm","title":{"rendered":"Moltonkasch gen\u00e4ht 100x700cm"},"content":{"rendered":"<p>Dekomolton eignet sich besonders f\u00fcr die Gestaltung von R\u00e4umen, als Verkleidung und zu Dekorationszwecken f\u00fcr Wand und Decke.<br \/>\nSind schwer entflammbar und dadurch ideal geeignet f\u00fcr den Einsatz bei Events und Veranstaltungen im \u00f6ffentlichen Raum, wo Brandschutzbestimmungen eingehalten werden m\u00fcssen.<\/p>\n","protected":false},"excerpt":{"rendered":"<p>Dekomolton eignet sich besonders f\u00fcr die Gestaltung von R\u00e4umen, als Verkleidung und zu Dekorationszwecken f\u00fcr Wand und Decke. Sind schwer entflammbar und dadurch ideal geeignet f\u00fcr den Einsatz bei Events und Veranstaltungen im \u00f6ffentlichen Raum, wo Brandschutzbestimmungen eingehalten werden m\u00fcssen.<\/p>\n","protected":false},"featured_media":13273,"template":"","meta":[],"product_brand":[],"product_cat":[315,318],"product_tag":[],"class_list":{"0":"post-14628","1":"product","2":"type-product","3":"status-publish","4":"has-post-thumbnail","6":"product_cat-buhne","7":"product_cat-stoffe-zubehoer","9":"first","10":"instock","11":"shipping-taxable","12":"purchasable","13":"product-type-simple"},"_links":{"self":[{"href":"https:\/\/www.pink-event-service.de\/Mietkatalog\/wp-json\/wp\/v2\/product\/14628","targetHints":{"allow":["GET"]}}],"collection":[{"href":"https:\/\/www.pink-event-service.de\/Mietkatalog\/wp-json\/wp\/v2\/product"}],"about":[{"href":"https:\/\/www.pink-event-service.de\/Mietkatalog\/wp-json\/wp\/v2\/types\/product"}],"wp:featuredmedia":[{"embeddable":true,"href":"https:\/\/www.pink-event-service.de\/Mietkatalog\/wp-json\/wp\/v2\/media\/13273"}],"wp:attachment":[{"href":"https:\/\/www.pink-event-service.de\/Mietkatalog\/wp-json\/wp\/v2\/media?parent=14628"}],"wp:term":[{"taxonomy":"product_brand","embeddable":true,"href":"https:\/\/www.pink-event-service.de\/Mietkatalog\/wp-json\/wp\/v2\/product_brand?post=14628"},{"taxonomy":"product_cat","embeddable":true,"href":"https:\/\/www.pink-event-service.de\/Mietkatalog\/wp-json\/wp\/v2\/product_cat?post=14628"},{"taxonomy":"product_tag","embeddable":true,"href":"https:\/\/www.pink-event-service.de\/Mietkatalog\/wp-json\/wp\/v2\/product_tag?post=14628"}],"curies":[{"name":"wp","href":"https:\/\/api.w.org\/{rel}","templated":true}]}}