{"id":14641,"date":"2019-03-04T15:13:47","date_gmt":"2019-03-04T15:13:47","guid":{"rendered":"http:\/\/pink-event-service.de\/Mietkatalog\/?post_type=product&#038;p=14641"},"modified":"2024-02-13T10:45:31","modified_gmt":"2024-02-13T10:45:31","slug":"fadenvorhang-05x4m-weiss","status":"publish","type":"product","link":"https:\/\/www.pink-event-service.de\/Mietkatalog\/produkt\/fadenvorhang-05x4m-weiss","title":{"rendered":"Fadenvorhang 0,5x4m wei\u00df"},"content":{"rendered":"<p>Mit diesem tollen Fadenvorhang (0,5m x 4m) lassen sich R\u00e4umlichkeiten elegant trennen. Sehr pflegeleicht.<\/p>\n<p>Farbe: wei\u00df<\/p>\n<p>L\u00e4nge: 400 cm<\/p>\n<p>Breite: 50 cm<\/p>\n","protected":false},"excerpt":{"rendered":"<p>Mit diesem tollen Fadenvorhang (0,5m x 4m) lassen sich R\u00e4umlichkeiten elegant trennen. Sehr pflegeleicht. Farbe: wei\u00df L\u00e4nge: 400 cm Breite: 50 cm<\/p>\n","protected":false},"featured_media":13286,"template":"","meta":[],"product_brand":[],"product_cat":[315,318],"product_tag":[],"class_list":{"0":"post-14641","1":"product","2":"type-product","3":"status-publish","4":"has-post-thumbnail","6":"product_cat-buhne","7":"product_cat-stoffe-zubehoer","9":"first","10":"instock","11":"shipping-taxable","12":"purchasable","13":"product-type-simple"},"_links":{"self":[{"href":"https:\/\/www.pink-event-service.de\/Mietkatalog\/wp-json\/wp\/v2\/product\/14641","targetHints":{"allow":["GET"]}}],"collection":[{"href":"https:\/\/www.pink-event-service.de\/Mietkatalog\/wp-json\/wp\/v2\/product"}],"about":[{"href":"https:\/\/www.pink-event-service.de\/Mietkatalog\/wp-json\/wp\/v2\/types\/product"}],"wp:featuredmedia":[{"embeddable":true,"href":"https:\/\/www.pink-event-service.de\/Mietkatalog\/wp-json\/wp\/v2\/media\/13286"}],"wp:attachment":[{"href":"https:\/\/www.pink-event-service.de\/Mietkatalog\/wp-json\/wp\/v2\/media?parent=14641"}],"wp:term":[{"taxonomy":"product_brand","embeddable":true,"href":"https:\/\/www.pink-event-service.de\/Mietkatalog\/wp-json\/wp\/v2\/product_brand?post=14641"},{"taxonomy":"product_cat","embeddable":true,"href":"https:\/\/www.pink-event-service.de\/Mietkatalog\/wp-json\/wp\/v2\/product_cat?post=14641"},{"taxonomy":"product_tag","embeddable":true,"href":"https:\/\/www.pink-event-service.de\/Mietkatalog\/wp-json\/wp\/v2\/product_tag?post=14641"}],"curies":[{"name":"wp","href":"https:\/\/api.w.org\/{rel}","templated":true}]}}