{"id":14653,"date":"2019-03-04T15:45:38","date_gmt":"2019-03-04T15:45:38","guid":{"rendered":"http:\/\/pink-event-service.de\/Mietkatalog\/?post_type=product&#038;p=14653"},"modified":"2024-02-13T10:42:45","modified_gmt":"2024-02-13T10:42:45","slug":"kabelbruecke-defender-office-86cm-oder-43cm-schwarz","status":"publish","type":"product","link":"https:\/\/www.pink-event-service.de\/Mietkatalog\/produkt\/kabelbruecke-defender-office-86cm-oder-43cm-schwarz","title":{"rendered":"Kabelbr\u00fccke Defender Office 86cm oder 43cm schwarz"},"content":{"rendered":"<p>Die Design-L\u00f6sung f\u00fcr den Innenbereich Defender OFFICE-Kabelbr\u00fccken in der Farbe schwarz bietet eine elegante L\u00f6sung f\u00fcr den sicheren Fu\u00dfg\u00e4ngerverkehr in Konferenz-, Messe-, Ausstellungsgeb\u00e4ude. Mit seinen geraden Elementen, 90\u00b0-Kurven und Endst\u00fccken mit Schnitthilfen zur L\u00e4ngenanpassung, Zickzack-Schnellverschlusssystem und Bohrungen f\u00fcr die Bodenbefestigung ist das Defender OFFICE-System eine vielseitige L\u00f6sung f\u00fcr den Schutz von Kabeln und zur Vermeidung von Stolperfallen<\/p>\n","protected":false},"excerpt":{"rendered":"<p>Die Design-L\u00f6sung f\u00fcr den Innenbereich Defender OFFICE-Kabelbr\u00fccken in der Farbe schwarz bietet eine elegante L\u00f6sung f\u00fcr den sicheren Fu\u00dfg\u00e4ngerverkehr in Konferenz-, Messe-, Ausstellungsgeb\u00e4ude. Mit seinen geraden Elementen, 90\u00b0-Kurven und Endst\u00fccken mit Schnitthilfen zur L\u00e4ngenanpassung, Zickzack-Schnellverschlusssystem und Bohrungen f\u00fcr die Bodenbefestigung ist das Defender OFFICE-System eine vielseitige L\u00f6sung f\u00fcr den Schutz von Kabeln und zur Vermeidung [&hellip;]<\/p>\n","protected":false},"featured_media":14706,"template":"","meta":[],"product_brand":[],"product_cat":[315,318],"product_tag":[],"class_list":{"0":"post-14653","1":"product","2":"type-product","3":"status-publish","4":"has-post-thumbnail","6":"product_cat-buhne","7":"product_cat-stoffe-zubehoer","9":"first","10":"instock","11":"shipping-taxable","12":"purchasable","13":"product-type-simple"},"_links":{"self":[{"href":"https:\/\/www.pink-event-service.de\/Mietkatalog\/wp-json\/wp\/v2\/product\/14653","targetHints":{"allow":["GET"]}}],"collection":[{"href":"https:\/\/www.pink-event-service.de\/Mietkatalog\/wp-json\/wp\/v2\/product"}],"about":[{"href":"https:\/\/www.pink-event-service.de\/Mietkatalog\/wp-json\/wp\/v2\/types\/product"}],"wp:featuredmedia":[{"embeddable":true,"href":"https:\/\/www.pink-event-service.de\/Mietkatalog\/wp-json\/wp\/v2\/media\/14706"}],"wp:attachment":[{"href":"https:\/\/www.pink-event-service.de\/Mietkatalog\/wp-json\/wp\/v2\/media?parent=14653"}],"wp:term":[{"taxonomy":"product_brand","embeddable":true,"href":"https:\/\/www.pink-event-service.de\/Mietkatalog\/wp-json\/wp\/v2\/product_brand?post=14653"},{"taxonomy":"product_cat","embeddable":true,"href":"https:\/\/www.pink-event-service.de\/Mietkatalog\/wp-json\/wp\/v2\/product_cat?post=14653"},{"taxonomy":"product_tag","embeddable":true,"href":"https:\/\/www.pink-event-service.de\/Mietkatalog\/wp-json\/wp\/v2\/product_tag?post=14653"}],"curies":[{"name":"wp","href":"https:\/\/api.w.org\/{rel}","templated":true}]}}