{"id":14753,"date":"2020-03-11T14:34:48","date_gmt":"2020-03-11T14:34:48","guid":{"rendered":"http:\/\/www.pink-event-service.de\/Mietkatalog\/?post_type=product&#038;p=14753"},"modified":"2023-02-17T11:12:52","modified_gmt":"2023-02-17T11:12:52","slug":"jura-z6-vollautomat","status":"publish","type":"product","link":"https:\/\/www.pink-event-service.de\/Mietkatalog\/produkt\/jura-z6-vollautomat","title":{"rendered":"JURA Z6 Vollautomat"},"content":{"rendered":"<p><strong> Premium-Genuss mit Profi-Technologie<\/strong><\/p>\n<p>Volles Aroma dank fl\u00fcsterleisem Professional Aroma Grinder, gr\u00f6sste Barista-Vielfalt dank optimiertem Fluidsystem und eine Bedienphilosophie, die Einfachheit und Intelligenz vereint \u2013 die neue Z6 verspricht ultimative Kaffeeerlebnisse.<\/p>\n<p>Der Professional Aroma Grinder liefert ein konstant ideales Mahlergebnis, modernste Br\u00fchprozesse bringen die Kaffeearomen zur vollen Entfaltung und Trendspezialit\u00e4ten gelingen dank Feinschaum-Technologie gekr\u00f6nt mit feinporig zartem Milchschaum \u2013 die Z6 \u00fcberzeugt mit 22 Spezialit\u00e4ten auf Knopfdruck und erm\u00f6glicht dank neu entwickeltem Fluidsystem sogar lange, besonders bek\u00f6mmliche Barista-Spezialit\u00e4ten sowie Espresso doppio in h\u00f6chster Baristaqualit\u00e4t.<\/p>\n","protected":false},"excerpt":{"rendered":"<p>H\u00f6he: 37,5 cm<\/p>\n<p>Breite: 32 cm<\/p>\n<p>Tiefe: 45 cm<\/p>\n","protected":false},"featured_media":14754,"template":"","meta":[],"product_brand":[],"product_cat":[322,320],"product_tag":[],"class_list":{"0":"post-14753","1":"product","2":"type-product","3":"status-publish","4":"has-post-thumbnail","6":"product_cat-moebel","7":"product_cat-moebel-deko","9":"first","10":"instock","11":"shipping-taxable","12":"purchasable","13":"product-type-simple"},"_links":{"self":[{"href":"https:\/\/www.pink-event-service.de\/Mietkatalog\/wp-json\/wp\/v2\/product\/14753","targetHints":{"allow":["GET"]}}],"collection":[{"href":"https:\/\/www.pink-event-service.de\/Mietkatalog\/wp-json\/wp\/v2\/product"}],"about":[{"href":"https:\/\/www.pink-event-service.de\/Mietkatalog\/wp-json\/wp\/v2\/types\/product"}],"wp:featuredmedia":[{"embeddable":true,"href":"https:\/\/www.pink-event-service.de\/Mietkatalog\/wp-json\/wp\/v2\/media\/14754"}],"wp:attachment":[{"href":"https:\/\/www.pink-event-service.de\/Mietkatalog\/wp-json\/wp\/v2\/media?parent=14753"}],"wp:term":[{"taxonomy":"product_brand","embeddable":true,"href":"https:\/\/www.pink-event-service.de\/Mietkatalog\/wp-json\/wp\/v2\/product_brand?post=14753"},{"taxonomy":"product_cat","embeddable":true,"href":"https:\/\/www.pink-event-service.de\/Mietkatalog\/wp-json\/wp\/v2\/product_cat?post=14753"},{"taxonomy":"product_tag","embeddable":true,"href":"https:\/\/www.pink-event-service.de\/Mietkatalog\/wp-json\/wp\/v2\/product_tag?post=14753"}],"curies":[{"name":"wp","href":"https:\/\/api.w.org\/{rel}","templated":true}]}}