{"id":14758,"date":"2020-03-11T14:49:41","date_gmt":"2020-03-11T14:49:41","guid":{"rendered":"http:\/\/www.pink-event-service.de\/Mietkatalog\/?post_type=product&#038;p=14758"},"modified":"2023-02-20T15:38:29","modified_gmt":"2023-02-20T15:38:29","slug":"tablet-staender-silber","status":"publish","type":"product","link":"https:\/\/www.pink-event-service.de\/Mietkatalog\/produkt\/tablet-staender-silber","title":{"rendered":"Tablet St\u00e4nder silber"},"content":{"rendered":"<p>Universeller Tablet-Bodenst\u00e4nder, stabiler und arretierbarer Tablethalter auf einem Standfu\u00df. Das Tablet kann im Hoch- oder Querformat montiert werden.\u00a0 Der Tablethalter ist f\u00fcr\u00a0 Tablets zwischen 7 und 13 Zoll geeignet.<\/p>\n<p>Farbe: Silber<\/p>\n<p>H\u00f6he: 121,4 cm<\/p>\n<p>Breite: 26,9 cm<\/p>\n<p>Tiefe: 26,9 cm<\/p>\n","protected":false},"excerpt":{"rendered":"<p>Farbe: Silber<\/p>\n<p>H\u00f6he: 121,4 cm<\/p>\n<p>Breite: 26,9 cm<\/p>\n<p>Tiefe: 26,9 cm<\/p>\n","protected":false},"featured_media":14759,"template":"","meta":[],"product_brand":[],"product_cat":[320,321],"product_tag":[],"class_list":{"0":"post-14758","1":"product","2":"type-product","3":"status-publish","4":"has-post-thumbnail","6":"product_cat-moebel-deko","7":"product_cat-stative","9":"first","10":"instock","11":"shipping-taxable","12":"purchasable","13":"product-type-simple"},"_links":{"self":[{"href":"https:\/\/www.pink-event-service.de\/Mietkatalog\/wp-json\/wp\/v2\/product\/14758","targetHints":{"allow":["GET"]}}],"collection":[{"href":"https:\/\/www.pink-event-service.de\/Mietkatalog\/wp-json\/wp\/v2\/product"}],"about":[{"href":"https:\/\/www.pink-event-service.de\/Mietkatalog\/wp-json\/wp\/v2\/types\/product"}],"wp:featuredmedia":[{"embeddable":true,"href":"https:\/\/www.pink-event-service.de\/Mietkatalog\/wp-json\/wp\/v2\/media\/14759"}],"wp:attachment":[{"href":"https:\/\/www.pink-event-service.de\/Mietkatalog\/wp-json\/wp\/v2\/media?parent=14758"}],"wp:term":[{"taxonomy":"product_brand","embeddable":true,"href":"https:\/\/www.pink-event-service.de\/Mietkatalog\/wp-json\/wp\/v2\/product_brand?post=14758"},{"taxonomy":"product_cat","embeddable":true,"href":"https:\/\/www.pink-event-service.de\/Mietkatalog\/wp-json\/wp\/v2\/product_cat?post=14758"},{"taxonomy":"product_tag","embeddable":true,"href":"https:\/\/www.pink-event-service.de\/Mietkatalog\/wp-json\/wp\/v2\/product_tag?post=14758"}],"curies":[{"name":"wp","href":"https:\/\/api.w.org\/{rel}","templated":true}]}}