{"id":14760,"date":"2020-03-11T14:55:05","date_gmt":"2020-03-11T14:55:05","guid":{"rendered":"http:\/\/www.pink-event-service.de\/Mietkatalog\/?post_type=product&#038;p=14760"},"modified":"2025-09-03T13:02:00","modified_gmt":"2025-09-03T13:02:00","slug":"kubus-stele-weiss-30x30x100","status":"publish","type":"product","link":"https:\/\/www.pink-event-service.de\/Mietkatalog\/produkt\/kubus-stele-weiss-30x30x100","title":{"rendered":"Kubus Stele wei\u00df"},"content":{"rendered":"<p>Wei\u00dfe Kubus Stele in wei\u00df. Die Stele ist s<span class=\"a-list-item\">ehr stabil und belastbar. Kann als Dekos\u00e4ule aber auch als Stehtisch dienen.<\/span><\/p>\n<p>Farbe: wei\u00df<\/p>\n<p>H\u00f6he: 100 cm<\/p>\n<p>Breite: 30 cm<\/p>\n<p>Tiefe: 30 cm<\/p>\n","protected":false},"excerpt":{"rendered":"<p>Farbe: wei\u00df<\/p>\n<p>H\u00f6he: 100 cm<\/p>\n<p>Breite: 34 cm<\/p>\n<p>Tiefe: 34 cm<\/p>\n","protected":false},"featured_media":14761,"template":"","meta":[],"product_brand":[],"product_cat":[322,320],"product_tag":[],"class_list":{"0":"post-14760","1":"product","2":"type-product","3":"status-publish","4":"has-post-thumbnail","6":"product_cat-moebel","7":"product_cat-moebel-deko","9":"first","10":"instock","11":"shipping-taxable","12":"purchasable","13":"product-type-simple"},"_links":{"self":[{"href":"https:\/\/www.pink-event-service.de\/Mietkatalog\/wp-json\/wp\/v2\/product\/14760","targetHints":{"allow":["GET"]}}],"collection":[{"href":"https:\/\/www.pink-event-service.de\/Mietkatalog\/wp-json\/wp\/v2\/product"}],"about":[{"href":"https:\/\/www.pink-event-service.de\/Mietkatalog\/wp-json\/wp\/v2\/types\/product"}],"wp:featuredmedia":[{"embeddable":true,"href":"https:\/\/www.pink-event-service.de\/Mietkatalog\/wp-json\/wp\/v2\/media\/14761"}],"wp:attachment":[{"href":"https:\/\/www.pink-event-service.de\/Mietkatalog\/wp-json\/wp\/v2\/media?parent=14760"}],"wp:term":[{"taxonomy":"product_brand","embeddable":true,"href":"https:\/\/www.pink-event-service.de\/Mietkatalog\/wp-json\/wp\/v2\/product_brand?post=14760"},{"taxonomy":"product_cat","embeddable":true,"href":"https:\/\/www.pink-event-service.de\/Mietkatalog\/wp-json\/wp\/v2\/product_cat?post=14760"},{"taxonomy":"product_tag","embeddable":true,"href":"https:\/\/www.pink-event-service.de\/Mietkatalog\/wp-json\/wp\/v2\/product_tag?post=14760"}],"curies":[{"name":"wp","href":"https:\/\/api.w.org\/{rel}","templated":true}]}}