{"id":14764,"date":"2020-03-11T15:11:40","date_gmt":"2020-03-11T15:11:40","guid":{"rendered":"http:\/\/www.pink-event-service.de\/Mietkatalog\/?post_type=product&#038;p=14764"},"modified":"2023-02-17T10:19:03","modified_gmt":"2023-02-17T10:19:03","slug":"beistelltisch-weiss-55x55x45","status":"publish","type":"product","link":"https:\/\/www.pink-event-service.de\/Mietkatalog\/produkt\/beistelltisch-weiss-55x55x45","title":{"rendered":"Beistelltisch wei\u00df"},"content":{"rendered":"<p class=\"pip-product-details__paragraph\">Durch sein cleveres Design ist der wei\u00dfe Beistelltisch einfach f\u00fcr verschiedene Zwecke nutzbar und leicht mit anderen Einrichtungsgegenst\u00e4nden zu kombinieren. Durch sein leichtes Gewicht kann er leicht hochgehoben und verstellt werden.<\/p>\n<p>Farbe: wei\u00df<\/p>\n<p>H\u00f6he: 15cm<\/p>\n<p>Breite: 55 cm<\/p>\n<p>Tiefe: 55 cm<\/p>\n","protected":false},"excerpt":{"rendered":"<p>Farbe: wei\u00df<\/p>\n<p>H\u00f6he: 15cm<\/p>\n<p>Breite: 55 cm<\/p>\n<p>Tiefe: 55 cm<\/p>\n","protected":false},"featured_media":14765,"template":"","meta":[],"product_brand":[],"product_cat":[322,320],"product_tag":[],"class_list":{"0":"post-14764","1":"product","2":"type-product","3":"status-publish","4":"has-post-thumbnail","6":"product_cat-moebel","7":"product_cat-moebel-deko","9":"first","10":"instock","11":"shipping-taxable","12":"purchasable","13":"product-type-simple"},"_links":{"self":[{"href":"https:\/\/www.pink-event-service.de\/Mietkatalog\/wp-json\/wp\/v2\/product\/14764","targetHints":{"allow":["GET"]}}],"collection":[{"href":"https:\/\/www.pink-event-service.de\/Mietkatalog\/wp-json\/wp\/v2\/product"}],"about":[{"href":"https:\/\/www.pink-event-service.de\/Mietkatalog\/wp-json\/wp\/v2\/types\/product"}],"wp:featuredmedia":[{"embeddable":true,"href":"https:\/\/www.pink-event-service.de\/Mietkatalog\/wp-json\/wp\/v2\/media\/14765"}],"wp:attachment":[{"href":"https:\/\/www.pink-event-service.de\/Mietkatalog\/wp-json\/wp\/v2\/media?parent=14764"}],"wp:term":[{"taxonomy":"product_brand","embeddable":true,"href":"https:\/\/www.pink-event-service.de\/Mietkatalog\/wp-json\/wp\/v2\/product_brand?post=14764"},{"taxonomy":"product_cat","embeddable":true,"href":"https:\/\/www.pink-event-service.de\/Mietkatalog\/wp-json\/wp\/v2\/product_cat?post=14764"},{"taxonomy":"product_tag","embeddable":true,"href":"https:\/\/www.pink-event-service.de\/Mietkatalog\/wp-json\/wp\/v2\/product_tag?post=14764"}],"curies":[{"name":"wp","href":"https:\/\/api.w.org\/{rel}","templated":true}]}}