{"id":14770,"date":"2020-03-11T15:25:37","date_gmt":"2020-03-11T15:25:37","guid":{"rendered":"http:\/\/www.pink-event-service.de\/Mietkatalog\/?post_type=product&#038;p=14770"},"modified":"2023-02-17T11:35:10","modified_gmt":"2023-02-17T11:35:10","slug":"milchkuehlschrank","status":"publish","type":"product","link":"https:\/\/www.pink-event-service.de\/Mietkatalog\/produkt\/milchkuehlschrank","title":{"rendered":"Milchk\u00fchlschrank"},"content":{"rendered":"<p>Thermoelektrischer Minik\u00fchlschrank mit 5 Liter Volumen. Kompaktes Design f\u00fcr einfachen Transport.<\/p>\n<p>Farbe: Silber<\/p>\n<p>H\u00f6he: 31,3 cm<\/p>\n<p>Breite: 19 cm<\/p>\n<p>Tiefe: 28,1 cm<\/p>\n","protected":false},"excerpt":{"rendered":"<p>Farbe: Silber<\/p>\n<p>H\u00f6he: 31,3 cm<\/p>\n<p>Breite: 19 cm<\/p>\n<p>Tiefe: 28,1 cm<\/p>\n","protected":false},"featured_media":14771,"template":"","meta":[],"product_brand":[],"product_cat":[322,320],"product_tag":[],"class_list":{"0":"post-14770","1":"product","2":"type-product","3":"status-publish","4":"has-post-thumbnail","6":"product_cat-moebel","7":"product_cat-moebel-deko","9":"first","10":"instock","11":"shipping-taxable","12":"purchasable","13":"product-type-simple"},"_links":{"self":[{"href":"https:\/\/www.pink-event-service.de\/Mietkatalog\/wp-json\/wp\/v2\/product\/14770","targetHints":{"allow":["GET"]}}],"collection":[{"href":"https:\/\/www.pink-event-service.de\/Mietkatalog\/wp-json\/wp\/v2\/product"}],"about":[{"href":"https:\/\/www.pink-event-service.de\/Mietkatalog\/wp-json\/wp\/v2\/types\/product"}],"wp:featuredmedia":[{"embeddable":true,"href":"https:\/\/www.pink-event-service.de\/Mietkatalog\/wp-json\/wp\/v2\/media\/14771"}],"wp:attachment":[{"href":"https:\/\/www.pink-event-service.de\/Mietkatalog\/wp-json\/wp\/v2\/media?parent=14770"}],"wp:term":[{"taxonomy":"product_brand","embeddable":true,"href":"https:\/\/www.pink-event-service.de\/Mietkatalog\/wp-json\/wp\/v2\/product_brand?post=14770"},{"taxonomy":"product_cat","embeddable":true,"href":"https:\/\/www.pink-event-service.de\/Mietkatalog\/wp-json\/wp\/v2\/product_cat?post=14770"},{"taxonomy":"product_tag","embeddable":true,"href":"https:\/\/www.pink-event-service.de\/Mietkatalog\/wp-json\/wp\/v2\/product_tag?post=14770"}],"curies":[{"name":"wp","href":"https:\/\/api.w.org\/{rel}","templated":true}]}}