{"id":14772,"date":"2020-03-11T15:31:53","date_gmt":"2020-03-11T15:31:53","guid":{"rendered":"http:\/\/www.pink-event-service.de\/Mietkatalog\/?post_type=product&#038;p=14772"},"modified":"2023-02-17T15:27:50","modified_gmt":"2023-02-17T15:27:50","slug":"sofa-grey-2-sitzer","status":"publish","type":"product","link":"https:\/\/www.pink-event-service.de\/Mietkatalog\/produkt\/sofa-grey-2-sitzer","title":{"rendered":"Sofa Grau 2-Sitzer"},"content":{"rendered":"<p>Das grau Sofa \u00fcberzeugt mit einem zeitlosen und modernen Design. Die F\u00fc\u00dfe sind aus Eiche. Einen passenden Sessel gibt es ebenfalls in unserem Mietkatalog.<\/p>\n<p>&nbsp;<\/p>\n<p>Farbe: Grau<\/p>\n<p>H\u00f6he: 85 cm<\/p>\n<p>Breite: 130 cm<\/p>\n<p>Tiefe: 62 cm<\/p>\n","protected":false},"excerpt":{"rendered":"<p>Farbe: Grau<\/p>\n<p>H\u00f6he: 85 cm<\/p>\n<p>Breite: 130 cm<\/p>\n<p>Tiefe: 62 cm<\/p>\n","protected":false},"featured_media":14773,"template":"","meta":[],"product_brand":[],"product_cat":[322,320],"product_tag":[],"class_list":{"0":"post-14772","1":"product","2":"type-product","3":"status-publish","4":"has-post-thumbnail","6":"product_cat-moebel","7":"product_cat-moebel-deko","9":"first","10":"instock","11":"shipping-taxable","12":"purchasable","13":"product-type-simple"},"_links":{"self":[{"href":"https:\/\/www.pink-event-service.de\/Mietkatalog\/wp-json\/wp\/v2\/product\/14772","targetHints":{"allow":["GET"]}}],"collection":[{"href":"https:\/\/www.pink-event-service.de\/Mietkatalog\/wp-json\/wp\/v2\/product"}],"about":[{"href":"https:\/\/www.pink-event-service.de\/Mietkatalog\/wp-json\/wp\/v2\/types\/product"}],"wp:featuredmedia":[{"embeddable":true,"href":"https:\/\/www.pink-event-service.de\/Mietkatalog\/wp-json\/wp\/v2\/media\/14773"}],"wp:attachment":[{"href":"https:\/\/www.pink-event-service.de\/Mietkatalog\/wp-json\/wp\/v2\/media?parent=14772"}],"wp:term":[{"taxonomy":"product_brand","embeddable":true,"href":"https:\/\/www.pink-event-service.de\/Mietkatalog\/wp-json\/wp\/v2\/product_brand?post=14772"},{"taxonomy":"product_cat","embeddable":true,"href":"https:\/\/www.pink-event-service.de\/Mietkatalog\/wp-json\/wp\/v2\/product_cat?post=14772"},{"taxonomy":"product_tag","embeddable":true,"href":"https:\/\/www.pink-event-service.de\/Mietkatalog\/wp-json\/wp\/v2\/product_tag?post=14772"}],"curies":[{"name":"wp","href":"https:\/\/api.w.org\/{rel}","templated":true}]}}