{"id":14778,"date":"2020-03-11T15:41:19","date_gmt":"2020-03-11T15:41:19","guid":{"rendered":"http:\/\/www.pink-event-service.de\/Mietkatalog\/?post_type=product&#038;p=14778"},"modified":"2023-02-17T12:46:33","modified_gmt":"2023-02-17T12:46:33","slug":"sideboard-weiss-abschliessbar-80x73x45","status":"publish","type":"product","link":"https:\/\/www.pink-event-service.de\/Mietkatalog\/produkt\/sideboard-weiss-abschliessbar-80x73x45","title":{"rendered":"Sideboard wei\u00df, abschlie\u00dfbar"},"content":{"rendered":"<p>Das Sideboard bietet hinter 2 T\u00fcren auf Einlegeb\u00f6den gro\u00dfz\u00fcgigen und flexiblen Stauraum f\u00fcr Ihre Unterlagen. Dank der hellen Farbgebung f\u00fcgt sich der Schrank au\u00dferdem in verschiedenste Einrichtungen harmonisch ein.<\/p>\n<p>Farbe: wei\u00df<\/p>\n<p>H\u00f6he: 73 cm<\/p>\n<p>Breite: 80 cm<\/p>\n<p>Tiefe: 45 cm<\/p>\n","protected":false},"excerpt":{"rendered":"<p>Farbe: wei\u00df<\/p>\n<p>H\u00f6he: 73 cm<\/p>\n<p>Breite: 80 cm<\/p>\n<p>Tiefe: 45 cm<\/p>\n","protected":false},"featured_media":14779,"template":"","meta":[],"product_brand":[],"product_cat":[322,320],"product_tag":[],"class_list":{"0":"post-14778","1":"product","2":"type-product","3":"status-publish","4":"has-post-thumbnail","6":"product_cat-moebel","7":"product_cat-moebel-deko","9":"first","10":"instock","11":"shipping-taxable","12":"purchasable","13":"product-type-simple"},"_links":{"self":[{"href":"https:\/\/www.pink-event-service.de\/Mietkatalog\/wp-json\/wp\/v2\/product\/14778","targetHints":{"allow":["GET"]}}],"collection":[{"href":"https:\/\/www.pink-event-service.de\/Mietkatalog\/wp-json\/wp\/v2\/product"}],"about":[{"href":"https:\/\/www.pink-event-service.de\/Mietkatalog\/wp-json\/wp\/v2\/types\/product"}],"wp:featuredmedia":[{"embeddable":true,"href":"https:\/\/www.pink-event-service.de\/Mietkatalog\/wp-json\/wp\/v2\/media\/14779"}],"wp:attachment":[{"href":"https:\/\/www.pink-event-service.de\/Mietkatalog\/wp-json\/wp\/v2\/media?parent=14778"}],"wp:term":[{"taxonomy":"product_brand","embeddable":true,"href":"https:\/\/www.pink-event-service.de\/Mietkatalog\/wp-json\/wp\/v2\/product_brand?post=14778"},{"taxonomy":"product_cat","embeddable":true,"href":"https:\/\/www.pink-event-service.de\/Mietkatalog\/wp-json\/wp\/v2\/product_cat?post=14778"},{"taxonomy":"product_tag","embeddable":true,"href":"https:\/\/www.pink-event-service.de\/Mietkatalog\/wp-json\/wp\/v2\/product_tag?post=14778"}],"curies":[{"name":"wp","href":"https:\/\/api.w.org\/{rel}","templated":true}]}}