{"id":14783,"date":"2020-03-11T15:55:55","date_gmt":"2020-03-11T15:55:55","guid":{"rendered":"http:\/\/www.pink-event-service.de\/Mietkatalog\/?post_type=product&#038;p=14783"},"modified":"2024-02-23T14:20:50","modified_gmt":"2024-02-23T14:20:50","slug":"brueckentisch-weiss-160x70x30","status":"publish","type":"product","link":"https:\/\/www.pink-event-service.de\/Mietkatalog\/produkt\/brueckentisch-weiss-160x70x30","title":{"rendered":"Br\u00fcckentisch wei\u00df"},"content":{"rendered":"<p>Dieser elegante Stehtisch ist eine gro\u00dfartige Erg\u00e4nzung f\u00fcr z.B. Ihren Empfangsbereich, Ihrer Meetingr\u00e4ume oder auch f\u00fcr Ihre Cafeteria. Ein sicherer und stabiler Stand gew\u00e4hrleistet. Zudem ist die robuste Tischplatte sehr pflegeleicht.<\/p>\n","protected":false},"excerpt":{"rendered":"<p>Farbe: wei\u00df<\/p>\n<p>H\u00f6he: 105 cm<\/p>\n<p>Breite 160 cm<\/p>\n<p>Tiefe: 70 cm<\/p>\n","protected":false},"featured_media":14784,"template":"","meta":[],"product_brand":[],"product_cat":[322,320],"product_tag":[],"class_list":{"0":"post-14783","1":"product","2":"type-product","3":"status-publish","4":"has-post-thumbnail","6":"product_cat-moebel","7":"product_cat-moebel-deko","9":"first","10":"instock","11":"shipping-taxable","12":"purchasable","13":"product-type-simple"},"_links":{"self":[{"href":"https:\/\/www.pink-event-service.de\/Mietkatalog\/wp-json\/wp\/v2\/product\/14783","targetHints":{"allow":["GET"]}}],"collection":[{"href":"https:\/\/www.pink-event-service.de\/Mietkatalog\/wp-json\/wp\/v2\/product"}],"about":[{"href":"https:\/\/www.pink-event-service.de\/Mietkatalog\/wp-json\/wp\/v2\/types\/product"}],"wp:featuredmedia":[{"embeddable":true,"href":"https:\/\/www.pink-event-service.de\/Mietkatalog\/wp-json\/wp\/v2\/media\/14784"}],"wp:attachment":[{"href":"https:\/\/www.pink-event-service.de\/Mietkatalog\/wp-json\/wp\/v2\/media?parent=14783"}],"wp:term":[{"taxonomy":"product_brand","embeddable":true,"href":"https:\/\/www.pink-event-service.de\/Mietkatalog\/wp-json\/wp\/v2\/product_brand?post=14783"},{"taxonomy":"product_cat","embeddable":true,"href":"https:\/\/www.pink-event-service.de\/Mietkatalog\/wp-json\/wp\/v2\/product_cat?post=14783"},{"taxonomy":"product_tag","embeddable":true,"href":"https:\/\/www.pink-event-service.de\/Mietkatalog\/wp-json\/wp\/v2\/product_tag?post=14783"}],"curies":[{"name":"wp","href":"https:\/\/api.w.org\/{rel}","templated":true}]}}