{"id":14785,"date":"2020-03-11T16:09:20","date_gmt":"2020-03-11T16:09:20","guid":{"rendered":"http:\/\/www.pink-event-service.de\/Mietkatalog\/?post_type=product&#038;p=14785"},"modified":"2023-02-17T10:34:07","modified_gmt":"2023-02-17T10:34:07","slug":"deko-lagerkiste-kiefer-46x25x31cm","status":"publish","type":"product","link":"https:\/\/www.pink-event-service.de\/Mietkatalog\/produkt\/deko-lagerkiste-kiefer-46x25x31cm","title":{"rendered":"Deko Lagerkiste Kiefer"},"content":{"rendered":"<p>Eine robuste Kiste, die einiges aush\u00e4lt. Sehr Platz sparend, da 2 St\u00fcck aufeinandergestapelt werden k\u00f6nnen. L\u00e4sst sich dank der Griff\u00f6ffnungen einfach herausziehen und hochheben.<\/p>\n<p>Holz: Kiefer<\/p>\n<p class=\"pip-product-details__paragraph\">H\u00f6he: 25 cm<\/p>\n<p>Breite: 46 cm<\/p>\n<p>Tiefe: 31 cm<\/p>\n","protected":false},"excerpt":{"rendered":"<p>Holz: Kiefer<\/p>\n<p>H\u00f6he: 25 cm<\/p>\n<p>Breite: 46 cm<\/p>\n<p>Tiefe: 31 cm<\/p>\n","protected":false},"featured_media":14786,"template":"","meta":[],"product_brand":[],"product_cat":[322,320],"product_tag":[],"class_list":{"0":"post-14785","1":"product","2":"type-product","3":"status-publish","4":"has-post-thumbnail","6":"product_cat-moebel","7":"product_cat-moebel-deko","9":"first","10":"instock","11":"shipping-taxable","12":"purchasable","13":"product-type-simple"},"_links":{"self":[{"href":"https:\/\/www.pink-event-service.de\/Mietkatalog\/wp-json\/wp\/v2\/product\/14785","targetHints":{"allow":["GET"]}}],"collection":[{"href":"https:\/\/www.pink-event-service.de\/Mietkatalog\/wp-json\/wp\/v2\/product"}],"about":[{"href":"https:\/\/www.pink-event-service.de\/Mietkatalog\/wp-json\/wp\/v2\/types\/product"}],"wp:featuredmedia":[{"embeddable":true,"href":"https:\/\/www.pink-event-service.de\/Mietkatalog\/wp-json\/wp\/v2\/media\/14786"}],"wp:attachment":[{"href":"https:\/\/www.pink-event-service.de\/Mietkatalog\/wp-json\/wp\/v2\/media?parent=14785"}],"wp:term":[{"taxonomy":"product_brand","embeddable":true,"href":"https:\/\/www.pink-event-service.de\/Mietkatalog\/wp-json\/wp\/v2\/product_brand?post=14785"},{"taxonomy":"product_cat","embeddable":true,"href":"https:\/\/www.pink-event-service.de\/Mietkatalog\/wp-json\/wp\/v2\/product_cat?post=14785"},{"taxonomy":"product_tag","embeddable":true,"href":"https:\/\/www.pink-event-service.de\/Mietkatalog\/wp-json\/wp\/v2\/product_tag?post=14785"}],"curies":[{"name":"wp","href":"https:\/\/api.w.org\/{rel}","templated":true}]}}