{"id":14787,"date":"2020-03-11T16:16:18","date_gmt":"2020-03-11T16:16:18","guid":{"rendered":"http:\/\/www.pink-event-service.de\/Mietkatalog\/?post_type=product&#038;p=14787"},"modified":"2023-02-17T12:00:54","modified_gmt":"2023-02-17T12:00:54","slug":"hocker-holzblock-buche-30x45x30cm","status":"publish","type":"product","link":"https:\/\/www.pink-event-service.de\/Mietkatalog\/produkt\/hocker-holzblock-buche-30x45x30cm","title":{"rendered":"Hocker Holzblock Buche 30x45x30cm"},"content":{"rendered":"<p>Aufgrund der idealen H\u00f6he eignet sich der Massivholzblock z.B. hervorragend als Sitzgelegenheit, Beistelltisch oder S\u00e4ule, um edle Objekte aller Art optimal zu pr\u00e4sentieren.<\/p>\n<p>Holz: Buche<\/p>\n<p>H\u00f6he: 45 cm<\/p>\n<p>Breite: 30 cm<\/p>\n<p>Tiefe: 30 cm<\/p>\n","protected":false},"excerpt":{"rendered":"<p>Holz: Buche<\/p>\n<p>H\u00f6he: 45 cm<\/p>\n<p>Breite: 30 cm<\/p>\n<p>Tiefe: 30 cm<\/p>\n","protected":false},"featured_media":14788,"template":"","meta":[],"product_brand":[],"product_cat":[322,320],"product_tag":[],"class_list":{"0":"post-14787","1":"product","2":"type-product","3":"status-publish","4":"has-post-thumbnail","6":"product_cat-moebel","7":"product_cat-moebel-deko","9":"first","10":"instock","11":"shipping-taxable","12":"purchasable","13":"product-type-simple"},"_links":{"self":[{"href":"https:\/\/www.pink-event-service.de\/Mietkatalog\/wp-json\/wp\/v2\/product\/14787","targetHints":{"allow":["GET"]}}],"collection":[{"href":"https:\/\/www.pink-event-service.de\/Mietkatalog\/wp-json\/wp\/v2\/product"}],"about":[{"href":"https:\/\/www.pink-event-service.de\/Mietkatalog\/wp-json\/wp\/v2\/types\/product"}],"wp:featuredmedia":[{"embeddable":true,"href":"https:\/\/www.pink-event-service.de\/Mietkatalog\/wp-json\/wp\/v2\/media\/14788"}],"wp:attachment":[{"href":"https:\/\/www.pink-event-service.de\/Mietkatalog\/wp-json\/wp\/v2\/media?parent=14787"}],"wp:term":[{"taxonomy":"product_brand","embeddable":true,"href":"https:\/\/www.pink-event-service.de\/Mietkatalog\/wp-json\/wp\/v2\/product_brand?post=14787"},{"taxonomy":"product_cat","embeddable":true,"href":"https:\/\/www.pink-event-service.de\/Mietkatalog\/wp-json\/wp\/v2\/product_cat?post=14787"},{"taxonomy":"product_tag","embeddable":true,"href":"https:\/\/www.pink-event-service.de\/Mietkatalog\/wp-json\/wp\/v2\/product_tag?post=14787"}],"curies":[{"name":"wp","href":"https:\/\/api.w.org\/{rel}","templated":true}]}}