{"id":14791,"date":"2020-03-11T16:25:45","date_gmt":"2020-03-11T16:25:45","guid":{"rendered":"http:\/\/www.pink-event-service.de\/Mietkatalog\/?post_type=product&#038;p=14791"},"modified":"2024-02-13T10:40:13","modified_gmt":"2024-02-13T10:40:13","slug":"kaercher-produktionsstaubsauger-wd-3-320","status":"publish","type":"product","link":"https:\/\/www.pink-event-service.de\/Mietkatalog\/produkt\/kaercher-produktionsstaubsauger-wd-3-320","title":{"rendered":"K\u00e4rcher Produktionsstaubsauger WD 3.320"},"content":{"rendered":"<p>Nass- und Trockensaugen ohne zus\u00e4tzlichen Filterwechsel. Sehr Platzsparende, sichere und griffbereite Aufbewahrung des Zubeh\u00f6rs.<\/p>\n","protected":false},"excerpt":{"rendered":"<p>Nass- und Trockensaugen ohne zus\u00e4tzlichen Filterwechsel. Sehr Platzsparende, sichere und griffbereite Aufbewahrung des Zubeh\u00f6rs.<\/p>\n","protected":false},"featured_media":14792,"template":"","meta":[],"product_brand":[],"product_cat":[322,320,318],"product_tag":[],"class_list":{"0":"post-14791","1":"product","2":"type-product","3":"status-publish","4":"has-post-thumbnail","6":"product_cat-moebel","7":"product_cat-moebel-deko","8":"product_cat-stoffe-zubehoer","10":"first","11":"instock","12":"shipping-taxable","13":"purchasable","14":"product-type-simple"},"_links":{"self":[{"href":"https:\/\/www.pink-event-service.de\/Mietkatalog\/wp-json\/wp\/v2\/product\/14791","targetHints":{"allow":["GET"]}}],"collection":[{"href":"https:\/\/www.pink-event-service.de\/Mietkatalog\/wp-json\/wp\/v2\/product"}],"about":[{"href":"https:\/\/www.pink-event-service.de\/Mietkatalog\/wp-json\/wp\/v2\/types\/product"}],"wp:featuredmedia":[{"embeddable":true,"href":"https:\/\/www.pink-event-service.de\/Mietkatalog\/wp-json\/wp\/v2\/media\/14792"}],"wp:attachment":[{"href":"https:\/\/www.pink-event-service.de\/Mietkatalog\/wp-json\/wp\/v2\/media?parent=14791"}],"wp:term":[{"taxonomy":"product_brand","embeddable":true,"href":"https:\/\/www.pink-event-service.de\/Mietkatalog\/wp-json\/wp\/v2\/product_brand?post=14791"},{"taxonomy":"product_cat","embeddable":true,"href":"https:\/\/www.pink-event-service.de\/Mietkatalog\/wp-json\/wp\/v2\/product_cat?post=14791"},{"taxonomy":"product_tag","embeddable":true,"href":"https:\/\/www.pink-event-service.de\/Mietkatalog\/wp-json\/wp\/v2\/product_tag?post=14791"}],"curies":[{"name":"wp","href":"https:\/\/api.w.org\/{rel}","templated":true}]}}