{"id":14878,"date":"2021-12-20T13:56:27","date_gmt":"2021-12-20T13:56:27","guid":{"rendered":"http:\/\/www.pink-event-service.de\/Mietkatalog\/?post_type=product&#038;p=14878"},"modified":"2023-04-30T08:48:29","modified_gmt":"2023-04-30T08:48:29","slug":"barhocker-lem-weiss","status":"publish","type":"product","link":"https:\/\/www.pink-event-service.de\/Mietkatalog\/produkt\/barhocker-lem-weiss","title":{"rendered":"Barhocker LEM wei\u00df"},"content":{"rendered":"<p>Der <strong>LEM Barhocker <\/strong>ist ein minimalistischer und zeitloser Hocker, perfekt f\u00fcr alle Anl\u00e4sse. LEM wurde nach der Apollo-Mondlandef\u00e4hre (Lunar Excursion Module) benannt und ist der Inbegriff von Simplizit\u00e4t, Eleganz und Stil.<\/p>\n<p>&#8211; Gestell matt verchromt<\/p>\n<p>&#8211; Sitz Holz wei\u00df lackiert<\/p>\n<p>&#8211; Sitzh\u00f6he 66 &#8211; 79 cm<\/p>\n","protected":false},"excerpt":{"rendered":"<p>&#8211; Gestell matt verchromt<\/p>\n<p>&#8211; Sitz Holz wei\u00df lackiert<\/p>\n<p>&#8211; Sitzh\u00f6he 66 &#8211; 79 cm<\/p>\n","protected":false},"featured_media":14895,"template":"","meta":[],"product_brand":[],"product_cat":[322,320],"product_tag":[349],"class_list":{"0":"post-14878","1":"product","2":"type-product","3":"status-publish","4":"has-post-thumbnail","6":"product_cat-moebel","7":"product_cat-moebel-deko","8":"product_tag-moebel","10":"first","11":"instock","12":"shipping-taxable","13":"purchasable","14":"product-type-simple"},"_links":{"self":[{"href":"https:\/\/www.pink-event-service.de\/Mietkatalog\/wp-json\/wp\/v2\/product\/14878","targetHints":{"allow":["GET"]}}],"collection":[{"href":"https:\/\/www.pink-event-service.de\/Mietkatalog\/wp-json\/wp\/v2\/product"}],"about":[{"href":"https:\/\/www.pink-event-service.de\/Mietkatalog\/wp-json\/wp\/v2\/types\/product"}],"wp:featuredmedia":[{"embeddable":true,"href":"https:\/\/www.pink-event-service.de\/Mietkatalog\/wp-json\/wp\/v2\/media\/14895"}],"wp:attachment":[{"href":"https:\/\/www.pink-event-service.de\/Mietkatalog\/wp-json\/wp\/v2\/media?parent=14878"}],"wp:term":[{"taxonomy":"product_brand","embeddable":true,"href":"https:\/\/www.pink-event-service.de\/Mietkatalog\/wp-json\/wp\/v2\/product_brand?post=14878"},{"taxonomy":"product_cat","embeddable":true,"href":"https:\/\/www.pink-event-service.de\/Mietkatalog\/wp-json\/wp\/v2\/product_cat?post=14878"},{"taxonomy":"product_tag","embeddable":true,"href":"https:\/\/www.pink-event-service.de\/Mietkatalog\/wp-json\/wp\/v2\/product_tag?post=14878"}],"curies":[{"name":"wp","href":"https:\/\/api.w.org\/{rel}","templated":true}]}}