{"id":14884,"date":"2021-12-20T14:05:48","date_gmt":"2021-12-20T14:05:48","guid":{"rendered":"http:\/\/www.pink-event-service.de\/Mietkatalog\/?post_type=product&#038;p=14884"},"modified":"2023-02-17T09:55:32","modified_gmt":"2023-02-17T09:55:32","slug":"alco-garderobenstaender-2802","status":"publish","type":"product","link":"https:\/\/www.pink-event-service.de\/Mietkatalog\/produkt\/alco-garderobenstaender-2802","title":{"rendered":"Alco Garderobenst\u00e4nder 2802"},"content":{"rendered":"<p>Dieser Garderobenst\u00e4nder hat die Farbe silber und passt optisch ganz gewiss in jeden gew\u00fcnschten Raum. Das Produkt hat folgende Ma\u00dfe: 40,0 x 172,0 cm (BxH). F\u00fcr eine hohe Standfestigkeit sorgt das schwere Eigengewicht von 7,5 kg. Der Garderobenst\u00e4nder hat 8 Haken. Das macht diesen Artikel sehr stabil und robust. Eine Ablage f\u00fcr Regenschirme ist ebenfalls vorhanden.<\/p>\n","protected":false},"excerpt":{"rendered":"<p>Metall \/ silber<\/p>\n<p>Bodenplatte Granitoptik<\/p>\n<p>8 Haken<\/p>\n","protected":false},"featured_media":14894,"template":"","meta":[],"product_brand":[],"product_cat":[322,320,321],"product_tag":[],"class_list":{"0":"post-14884","1":"product","2":"type-product","3":"status-publish","4":"has-post-thumbnail","6":"product_cat-moebel","7":"product_cat-moebel-deko","8":"product_cat-stative","10":"first","11":"instock","12":"shipping-taxable","13":"purchasable","14":"product-type-simple"},"_links":{"self":[{"href":"https:\/\/www.pink-event-service.de\/Mietkatalog\/wp-json\/wp\/v2\/product\/14884","targetHints":{"allow":["GET"]}}],"collection":[{"href":"https:\/\/www.pink-event-service.de\/Mietkatalog\/wp-json\/wp\/v2\/product"}],"about":[{"href":"https:\/\/www.pink-event-service.de\/Mietkatalog\/wp-json\/wp\/v2\/types\/product"}],"wp:featuredmedia":[{"embeddable":true,"href":"https:\/\/www.pink-event-service.de\/Mietkatalog\/wp-json\/wp\/v2\/media\/14894"}],"wp:attachment":[{"href":"https:\/\/www.pink-event-service.de\/Mietkatalog\/wp-json\/wp\/v2\/media?parent=14884"}],"wp:term":[{"taxonomy":"product_brand","embeddable":true,"href":"https:\/\/www.pink-event-service.de\/Mietkatalog\/wp-json\/wp\/v2\/product_brand?post=14884"},{"taxonomy":"product_cat","embeddable":true,"href":"https:\/\/www.pink-event-service.de\/Mietkatalog\/wp-json\/wp\/v2\/product_cat?post=14884"},{"taxonomy":"product_tag","embeddable":true,"href":"https:\/\/www.pink-event-service.de\/Mietkatalog\/wp-json\/wp\/v2\/product_tag?post=14884"}],"curies":[{"name":"wp","href":"https:\/\/api.w.org\/{rel}","templated":true}]}}