{"id":14888,"date":"2021-12-20T14:19:05","date_gmt":"2021-12-20T14:19:05","guid":{"rendered":"http:\/\/www.pink-event-service.de\/Mietkatalog\/?post_type=product&#038;p=14888"},"modified":"2023-02-17T11:38:58","modified_gmt":"2023-02-17T11:38:58","slug":"regal-regalux-5-boeden-a-40kg","status":"publish","type":"product","link":"https:\/\/www.pink-event-service.de\/Mietkatalog\/produkt\/regal-regalux-5-boeden-a-40kg","title":{"rendered":"Regal Regalux 5 B\u00f6den"},"content":{"rendered":"<p>Das zuverl\u00e4ssige Regalux Kunststoffregal bietet dank seiner 5 B\u00f6den gen\u00fcgend Platz zur Aufbewahrung vieler Gegenst\u00e4nde. Mit einer Traglast von 40 kg pro Boden zeichnet sich das Regal zudem durch seine Stabilit\u00e4t aus. Das Kunststoffregal kann auch in Feuchtr\u00e4umen aufgestellt werden.<\/p>\n<p>5 B\u00f6den mit je 40 kg Belastbarkeit<\/p>\n<p>Farbe: Schwarz<\/p>\n<p>H\u00f6he: 188 cm<\/p>\n<p>Breite: 80 cm<\/p>\n<p>Tiefe: 40 cm<\/p>\n","protected":false},"excerpt":{"rendered":"<p>Farbe: Schwarz<\/p>\n<p>H\u00f6he: 188 cm<\/p>\n<p>Breite: 80 cm<\/p>\n<p>Tiefe: 40 cm<\/p>\n","protected":false},"featured_media":14889,"template":"","meta":[],"product_brand":[],"product_cat":[322,320,321],"product_tag":[],"class_list":{"0":"post-14888","1":"product","2":"type-product","3":"status-publish","4":"has-post-thumbnail","6":"product_cat-moebel","7":"product_cat-moebel-deko","8":"product_cat-stative","10":"first","11":"instock","12":"shipping-taxable","13":"purchasable","14":"product-type-simple"},"_links":{"self":[{"href":"https:\/\/www.pink-event-service.de\/Mietkatalog\/wp-json\/wp\/v2\/product\/14888","targetHints":{"allow":["GET"]}}],"collection":[{"href":"https:\/\/www.pink-event-service.de\/Mietkatalog\/wp-json\/wp\/v2\/product"}],"about":[{"href":"https:\/\/www.pink-event-service.de\/Mietkatalog\/wp-json\/wp\/v2\/types\/product"}],"wp:featuredmedia":[{"embeddable":true,"href":"https:\/\/www.pink-event-service.de\/Mietkatalog\/wp-json\/wp\/v2\/media\/14889"}],"wp:attachment":[{"href":"https:\/\/www.pink-event-service.de\/Mietkatalog\/wp-json\/wp\/v2\/media?parent=14888"}],"wp:term":[{"taxonomy":"product_brand","embeddable":true,"href":"https:\/\/www.pink-event-service.de\/Mietkatalog\/wp-json\/wp\/v2\/product_brand?post=14888"},{"taxonomy":"product_cat","embeddable":true,"href":"https:\/\/www.pink-event-service.de\/Mietkatalog\/wp-json\/wp\/v2\/product_cat?post=14888"},{"taxonomy":"product_tag","embeddable":true,"href":"https:\/\/www.pink-event-service.de\/Mietkatalog\/wp-json\/wp\/v2\/product_tag?post=14888"}],"curies":[{"name":"wp","href":"https:\/\/api.w.org\/{rel}","templated":true}]}}