{"id":14962,"date":"2022-09-30T16:02:10","date_gmt":"2022-09-30T16:02:10","guid":{"rendered":"https:\/\/www.pink-event-service.de\/Mietkatalog\/?post_type=product&#038;p=14962"},"modified":"2023-02-17T10:22:57","modified_gmt":"2023-02-17T10:22:57","slug":"beistelltisch-brio-weiss","status":"publish","type":"product","link":"https:\/\/www.pink-event-service.de\/Mietkatalog\/produkt\/beistelltisch-brio-weiss","title":{"rendered":"Beistelltisch Brio wei\u00df"},"content":{"rendered":"<p>Brio Beistelltisch Gestell wei\u00df. H\u00f6he 40cm. Vom Designer Romano Marcato f\u00fcr la palma entworfen.<\/p>\n<p>Der feststehende Beistelltisch \u00fcberzeugt durch zeitlos sch\u00f6nes Design und erstklassige Verarbeitung, die f\u00fcr den Innen- und Au\u00dfen-Bereich geeignet ist!<\/p>\n<p>&nbsp;<\/p>\n<p>&#8211; Material: Edelstahl<\/p>\n<p>&#8211; 40cm hoch<\/p>\n<p>&#8211; Durchmesser: 60cm<\/p>\n<p>&#8211; Gewicht: 12 kg<\/p>\n","protected":false},"excerpt":{"rendered":"<p>Brio Beistelltisch wei\u00df<\/p>\n<p>&#8211; Material: Edelstahl<\/p>\n<p>&#8211; 40cm hoch<\/p>\n<p>&#8211; Durchmesser: 60cm<\/p>\n<p>&#8211; Gewicht: 12 kg<\/p>\n<p>&nbsp;<\/p>\n","protected":false},"featured_media":14963,"template":"","meta":[],"product_brand":[],"product_cat":[322,320],"product_tag":[],"class_list":{"0":"post-14962","1":"product","2":"type-product","3":"status-publish","4":"has-post-thumbnail","6":"product_cat-moebel","7":"product_cat-moebel-deko","9":"first","10":"instock","11":"shipping-taxable","12":"purchasable","13":"product-type-simple"},"_links":{"self":[{"href":"https:\/\/www.pink-event-service.de\/Mietkatalog\/wp-json\/wp\/v2\/product\/14962","targetHints":{"allow":["GET"]}}],"collection":[{"href":"https:\/\/www.pink-event-service.de\/Mietkatalog\/wp-json\/wp\/v2\/product"}],"about":[{"href":"https:\/\/www.pink-event-service.de\/Mietkatalog\/wp-json\/wp\/v2\/types\/product"}],"wp:featuredmedia":[{"embeddable":true,"href":"https:\/\/www.pink-event-service.de\/Mietkatalog\/wp-json\/wp\/v2\/media\/14963"}],"wp:attachment":[{"href":"https:\/\/www.pink-event-service.de\/Mietkatalog\/wp-json\/wp\/v2\/media?parent=14962"}],"wp:term":[{"taxonomy":"product_brand","embeddable":true,"href":"https:\/\/www.pink-event-service.de\/Mietkatalog\/wp-json\/wp\/v2\/product_brand?post=14962"},{"taxonomy":"product_cat","embeddable":true,"href":"https:\/\/www.pink-event-service.de\/Mietkatalog\/wp-json\/wp\/v2\/product_cat?post=14962"},{"taxonomy":"product_tag","embeddable":true,"href":"https:\/\/www.pink-event-service.de\/Mietkatalog\/wp-json\/wp\/v2\/product_tag?post=14962"}],"curies":[{"name":"wp","href":"https:\/\/api.w.org\/{rel}","templated":true}]}}