{"id":15026,"date":"2023-02-23T16:56:12","date_gmt":"2023-02-23T16:56:12","guid":{"rendered":"https:\/\/www.pink-event-service.de\/Mietkatalog\/?post_type=product&#038;p=15026"},"modified":"2023-02-23T16:58:06","modified_gmt":"2023-02-23T16:58:06","slug":"sideboard-weiss-schiebetueren","status":"publish","type":"product","link":"https:\/\/www.pink-event-service.de\/Mietkatalog\/produkt\/sideboard-weiss-schiebetueren","title":{"rendered":"Sideboard wei\u00df Schiebet\u00fcren"},"content":{"rendered":"<p class=\"pip-product-details__paragraph\">\u00dcberall einsetzbar \u2013 allein oder kombiniert. Durch das schlichte Design des Sideboards ist es vielseitig einsetzbar. Dank der praktischen Schiebet\u00fcren erfordert das Sideboard wenig Platz beim \u00d6ffnen. 2 von 4 B\u00f6den sind versetzbar und lassen sich an deinen Bedarf anpassen.<\/p>\n<p>Farbe: Wei\u00df<\/p>\n<p>H\u00f6he: 90 cm<\/p>\n<p>Breite: 95 cm<\/p>\n<p>Tiefe: 47 cm<\/p>\n<p>&nbsp;<\/p>\n","protected":false},"excerpt":{"rendered":"<p>Farbe: Wei\u00df<\/p>\n<p>H\u00f6he: 90 cm<\/p>\n<p>Breite: 95 cm<\/p>\n<p>Tiefe: 47 cm<\/p>\n<p>&nbsp;<\/p>\n","protected":false},"featured_media":15027,"template":"","meta":[],"product_brand":[],"product_cat":[322],"product_tag":[],"class_list":{"0":"post-15026","1":"product","2":"type-product","3":"status-publish","4":"has-post-thumbnail","6":"product_cat-moebel","8":"first","9":"instock","10":"shipping-taxable","11":"purchasable","12":"product-type-simple"},"_links":{"self":[{"href":"https:\/\/www.pink-event-service.de\/Mietkatalog\/wp-json\/wp\/v2\/product\/15026","targetHints":{"allow":["GET"]}}],"collection":[{"href":"https:\/\/www.pink-event-service.de\/Mietkatalog\/wp-json\/wp\/v2\/product"}],"about":[{"href":"https:\/\/www.pink-event-service.de\/Mietkatalog\/wp-json\/wp\/v2\/types\/product"}],"wp:featuredmedia":[{"embeddable":true,"href":"https:\/\/www.pink-event-service.de\/Mietkatalog\/wp-json\/wp\/v2\/media\/15027"}],"wp:attachment":[{"href":"https:\/\/www.pink-event-service.de\/Mietkatalog\/wp-json\/wp\/v2\/media?parent=15026"}],"wp:term":[{"taxonomy":"product_brand","embeddable":true,"href":"https:\/\/www.pink-event-service.de\/Mietkatalog\/wp-json\/wp\/v2\/product_brand?post=15026"},{"taxonomy":"product_cat","embeddable":true,"href":"https:\/\/www.pink-event-service.de\/Mietkatalog\/wp-json\/wp\/v2\/product_cat?post=15026"},{"taxonomy":"product_tag","embeddable":true,"href":"https:\/\/www.pink-event-service.de\/Mietkatalog\/wp-json\/wp\/v2\/product_tag?post=15026"}],"curies":[{"name":"wp","href":"https:\/\/api.w.org\/{rel}","templated":true}]}}