{"id":15076,"date":"2023-03-28T11:37:59","date_gmt":"2023-03-28T11:37:59","guid":{"rendered":"https:\/\/www.pink-event-service.de\/Mietkatalog\/?post_type=product&#038;p=15076"},"modified":"2023-04-06T15:54:07","modified_gmt":"2023-04-06T15:54:07","slug":"digital-touch-stele-55","status":"publish","type":"product","link":"https:\/\/www.pink-event-service.de\/Mietkatalog\/produkt\/digital-touch-stele-55","title":{"rendered":"Digital Touch Stele 55&#8220;"},"content":{"rendered":"<p>Display Signage Touch Stele 55&#8220; mit Case<\/p>\n<p>Die hochwertige und stylische Stele bietet an sich schon ein modernes Erscheinungsbild. Die Medieninhalte werden dabei einfach via Plug &amp; Play \u00fcber USB und Fernbedienung ausgespielt. Sollten Sie eine Ansteuerung aus der Ferne bzw. f\u00fcr mehrere Digital Slim Infos\u00e4ulen gleichzeitig w\u00fcnschen, gibt es daf\u00fcr auch eine WLAN-Option. So bringen Sie Bewegtbilder, Videos und grafisch gestaltete Produktinformationen direkt zum Kunden. Durch den Einsatz von Bewegtbildern erzielen Sie mehr Aufmerksamkeit als mit statischen Informationen z.B. auf Plakaten. Au\u00dferdem k\u00f6nnen die Informationen schneller gewechselt werden ohne dabei weitere Ressourcen f\u00fcr neue Drucke zu verbrauchen.<\/p>\n<ul>\n<li class=\"text-secondary mb-1\">\u00a055&#8243; Full HD Display<\/li>\n<li class=\"text-secondary mb-1\">Mit Android 7.1, WiFi, USB &amp; HDMI kompatibel<\/li>\n<li class=\"text-secondary mb-1\">Farbe: Wei\u00df<\/li>\n<\/ul>\n<h4><a href=\"https:\/\/www.pink-event-service.de\/downloads\/Display-Stele.pdf\" target=\"_blank\" rel=\"noopener\"><strong>BROSCH\u00dcRE &#8211; DISPLAY STELE<\/strong><\/a><\/h4>\n","protected":false},"excerpt":{"rendered":"<p>Farbe: Wei\u00df<\/p>\n<p>H\u00f6he: 190 cm<\/p>\n<p>Breite: 79 cm<\/p>\n<p>Tiefe: 4 cm<\/p>\n","protected":false},"featured_media":15085,"template":"","meta":[],"product_brand":[],"product_cat":[322,320],"product_tag":[345,346,347],"class_list":{"0":"post-15076","1":"product","2":"type-product","3":"status-publish","4":"has-post-thumbnail","6":"product_cat-moebel","7":"product_cat-moebel-deko","8":"product_tag-stele","9":"product_tag-touch-display","10":"product_tag-werbebildschirm","12":"first","13":"instock","14":"shipping-taxable","15":"purchasable","16":"product-type-simple"},"_links":{"self":[{"href":"https:\/\/www.pink-event-service.de\/Mietkatalog\/wp-json\/wp\/v2\/product\/15076","targetHints":{"allow":["GET"]}}],"collection":[{"href":"https:\/\/www.pink-event-service.de\/Mietkatalog\/wp-json\/wp\/v2\/product"}],"about":[{"href":"https:\/\/www.pink-event-service.de\/Mietkatalog\/wp-json\/wp\/v2\/types\/product"}],"wp:featuredmedia":[{"embeddable":true,"href":"https:\/\/www.pink-event-service.de\/Mietkatalog\/wp-json\/wp\/v2\/media\/15085"}],"wp:attachment":[{"href":"https:\/\/www.pink-event-service.de\/Mietkatalog\/wp-json\/wp\/v2\/media?parent=15076"}],"wp:term":[{"taxonomy":"product_brand","embeddable":true,"href":"https:\/\/www.pink-event-service.de\/Mietkatalog\/wp-json\/wp\/v2\/product_brand?post=15076"},{"taxonomy":"product_cat","embeddable":true,"href":"https:\/\/www.pink-event-service.de\/Mietkatalog\/wp-json\/wp\/v2\/product_cat?post=15076"},{"taxonomy":"product_tag","embeddable":true,"href":"https:\/\/www.pink-event-service.de\/Mietkatalog\/wp-json\/wp\/v2\/product_tag?post=15076"}],"curies":[{"name":"wp","href":"https:\/\/api.w.org\/{rel}","templated":true}]}}