{"id":15256,"date":"2024-03-07T14:38:34","date_gmt":"2024-03-07T14:38:34","guid":{"rendered":"https:\/\/www.pink-event-service.de\/Mietkatalog\/?post_type=product&#038;p=15256"},"modified":"2024-03-07T15:09:22","modified_gmt":"2024-03-07T15:09:22","slug":"db-xsl12","status":"publish","type":"product","link":"https:\/\/www.pink-event-service.de\/Mietkatalog\/produkt\/db-xsl12","title":{"rendered":"d&#038;b XSL12"},"content":{"rendered":"<div class=\"flex flex-grow flex-col max-w-full\">\n<div class=\"min-h-[20px] text-message flex flex-col items-start gap-3 whitespace-pre-wrap break-words [.text-message+&amp;]:mt-5 overflow-x-auto\" data-message-author-role=\"assistant\" data-message-id=\"4ce04a05-90c6-4cc1-801f-de254120e97d\">\n<div class=\"markdown prose w-full break-words dark:prose-invert light\">\n<p>Der XSL12 Lautsprecher ist ein tragbare Line-Array-Modul, ideal f\u00fcr kleine bis mittelgro\u00dfe Beschallungsaufgaben. Mit dem XSL Flugrahmen k\u00f6nnen bis zu 24\/22 XSL Lautsprecher im Compression oder Tension Rigging-Modus montiert werden. Der kleinere XSL Montagerahmen erm\u00f6glicht das Fliegen von bis zu 12 Lautsprechern in vertikalen Spalten, wodurch ein horizontaler Abstrahlwinkel von 120\u00b0 (Konstante Richtwirkung) erzeugt wird.<\/p>\n<\/div>\n<\/div>\n<\/div>\n","protected":false},"excerpt":{"rendered":"<p>Der XSL12 Lautsprecher ist ein tragbare Line-Array-Modul, ideal f\u00fcr kleine bis mittelgro\u00dfe Beschallungsaufgaben. Mit dem XSL Flugrahmen k\u00f6nnen bis zu 24\/22 XSL Lautsprecher im Compression oder Tension Rigging-Modus montiert werden. Der kleinere XSL Montagerahmen erm\u00f6glicht das Fliegen von bis zu 12 Lautsprechern in vertikalen Spalten, wodurch ein horizontaler Abstrahlwinkel von 120\u00b0 (Konstante Richtwirkung) erzeugt wird.<\/p>\n","protected":false},"featured_media":15257,"template":"","meta":[],"product_brand":[],"product_cat":[285],"product_tag":[],"class_list":{"0":"post-15256","1":"product","2":"type-product","3":"status-publish","4":"has-post-thumbnail","6":"product_cat-pa-monitore","8":"first","9":"instock","10":"shipping-taxable","11":"purchasable","12":"product-type-simple"},"_links":{"self":[{"href":"https:\/\/www.pink-event-service.de\/Mietkatalog\/wp-json\/wp\/v2\/product\/15256","targetHints":{"allow":["GET"]}}],"collection":[{"href":"https:\/\/www.pink-event-service.de\/Mietkatalog\/wp-json\/wp\/v2\/product"}],"about":[{"href":"https:\/\/www.pink-event-service.de\/Mietkatalog\/wp-json\/wp\/v2\/types\/product"}],"wp:featuredmedia":[{"embeddable":true,"href":"https:\/\/www.pink-event-service.de\/Mietkatalog\/wp-json\/wp\/v2\/media\/15257"}],"wp:attachment":[{"href":"https:\/\/www.pink-event-service.de\/Mietkatalog\/wp-json\/wp\/v2\/media?parent=15256"}],"wp:term":[{"taxonomy":"product_brand","embeddable":true,"href":"https:\/\/www.pink-event-service.de\/Mietkatalog\/wp-json\/wp\/v2\/product_brand?post=15256"},{"taxonomy":"product_cat","embeddable":true,"href":"https:\/\/www.pink-event-service.de\/Mietkatalog\/wp-json\/wp\/v2\/product_cat?post=15256"},{"taxonomy":"product_tag","embeddable":true,"href":"https:\/\/www.pink-event-service.de\/Mietkatalog\/wp-json\/wp\/v2\/product_tag?post=15256"}],"curies":[{"name":"wp","href":"https:\/\/api.w.org\/{rel}","templated":true}]}}