{"id":15259,"date":"2024-03-07T14:48:15","date_gmt":"2024-03-07T14:48:15","guid":{"rendered":"https:\/\/www.pink-event-service.de\/Mietkatalog\/?post_type=product&#038;p=15259"},"modified":"2024-03-07T14:51:34","modified_gmt":"2024-03-07T14:51:34","slug":"db-xsl8","status":"publish","type":"product","link":"https:\/\/www.pink-event-service.de\/Mietkatalog\/produkt\/db-xsl8","title":{"rendered":"d&#038;b XSL8"},"content":{"rendered":"<div class=\"flex flex-grow flex-col max-w-full\">\n<div class=\"min-h-[20px] text-message flex flex-col items-start gap-3 whitespace-pre-wrap break-words [.text-message+&amp;]:mt-5 overflow-x-auto\" data-message-author-role=\"assistant\" data-message-id=\"946f3a90-6752-452d-be67-298a329c9473\">\n<div class=\"markdown prose w-full break-words dark:prose-invert light\">\n<p>Der XSL8 Lautsprecher ist ein mobiles Line-Array-Modul, das sich perfekt f\u00fcr Veranstaltungen mit kleinen bis mittelgro\u00dfen Beschallungsaufgaben eignet. Er kann auch als Zusatz zu den GSL- und KSL-Systemen verwendet werden, um F\u00fcll- und Verz\u00f6gerungseffekte zu erzielen. Dank des XSL Flugrahmens k\u00f6nnen bis zu 24\/22 XSL Lautsprecher im Compression- oder Tension-Rigging-Modus installiert werden. Mit dem kleineren XSL Montagerahmen k\u00f6nnen bis zu 12 Lautsprecher in vertikalen Spalten positioniert werden und bieten dabei einen horizontalen Abstrahlwinkel von 80\u00b0.<\/p>\n<\/div>\n<\/div>\n<\/div>\n","protected":false},"excerpt":{"rendered":"<p>Der XSL8 Lautsprecher ist ein mobiles Line-Array-Modul, das sich perfekt f\u00fcr Veranstaltungen mit kleinen bis mittelgro\u00dfen Beschallungsaufgaben eignet. Er kann auch als Zusatz zu den GSL- und KSL-Systemen verwendet werden, um F\u00fcll- und Verz\u00f6gerungseffekte zu erzielen. Dank des XSL Flugrahmens k\u00f6nnen bis zu 24\/22 XSL Lautsprecher im Compression- oder Tension-Rigging-Modus installiert werden. Mit dem kleineren [&hellip;]<\/p>\n","protected":false},"featured_media":15257,"template":"","meta":[],"product_brand":[],"product_cat":[285],"product_tag":[],"class_list":{"0":"post-15259","1":"product","2":"type-product","3":"status-publish","4":"has-post-thumbnail","6":"product_cat-pa-monitore","8":"first","9":"instock","10":"shipping-taxable","11":"purchasable","12":"product-type-simple"},"_links":{"self":[{"href":"https:\/\/www.pink-event-service.de\/Mietkatalog\/wp-json\/wp\/v2\/product\/15259","targetHints":{"allow":["GET"]}}],"collection":[{"href":"https:\/\/www.pink-event-service.de\/Mietkatalog\/wp-json\/wp\/v2\/product"}],"about":[{"href":"https:\/\/www.pink-event-service.de\/Mietkatalog\/wp-json\/wp\/v2\/types\/product"}],"wp:featuredmedia":[{"embeddable":true,"href":"https:\/\/www.pink-event-service.de\/Mietkatalog\/wp-json\/wp\/v2\/media\/15257"}],"wp:attachment":[{"href":"https:\/\/www.pink-event-service.de\/Mietkatalog\/wp-json\/wp\/v2\/media?parent=15259"}],"wp:term":[{"taxonomy":"product_brand","embeddable":true,"href":"https:\/\/www.pink-event-service.de\/Mietkatalog\/wp-json\/wp\/v2\/product_brand?post=15259"},{"taxonomy":"product_cat","embeddable":true,"href":"https:\/\/www.pink-event-service.de\/Mietkatalog\/wp-json\/wp\/v2\/product_cat?post=15259"},{"taxonomy":"product_tag","embeddable":true,"href":"https:\/\/www.pink-event-service.de\/Mietkatalog\/wp-json\/wp\/v2\/product_tag?post=15259"}],"curies":[{"name":"wp","href":"https:\/\/api.w.org\/{rel}","templated":true}]}}