{"id":15274,"date":"2024-07-11T09:51:55","date_gmt":"2024-07-11T09:51:55","guid":{"rendered":"https:\/\/www.pink-event-service.de\/Mietkatalog\/?post_type=product&#038;p=15274"},"modified":"2024-07-11T09:51:55","modified_gmt":"2024-07-11T09:51:55","slug":"theke-high-weiss","status":"publish","type":"product","link":"https:\/\/www.pink-event-service.de\/Mietkatalog\/produkt\/theke-high-weiss","title":{"rendered":"Theke High wei\u00df"},"content":{"rendered":"<p>Die Theke bietet hinter 2 T\u00fcren auf Einlegeb\u00f6den gro\u00dfz\u00fcgigen und flexiblen Stauraum f\u00fcr Ihre Unterlagen. Zus\u00e4tzlich bietet die aufgesetzte Ablage die M\u00f6glichkeit, die theke mit Barhockern bestuhlen und nutzen zu k\u00f6nnen. Dank der hellen Farbgebung f\u00fcgt sich die Theke au\u00dferdem in verschiedenste Einrichtungen harmonisch ein.<\/p>\n<p>Farbe: wei\u00df<\/p>\n<p>H\u00f6he: 110 cm<\/p>\n<p>Breite: 120 cm<\/p>\n<p>Tiefe: 50cm<\/p>\n","protected":false},"excerpt":{"rendered":"<p>Die Theke bietet hinter 2 T\u00fcren auf Einlegeb\u00f6den gro\u00dfz\u00fcgigen und flexiblen Stauraum f\u00fcr Ihre Unterlagen. Zus\u00e4tzlich bietet die aufgesetzte Ablage die M\u00f6glichkeit, die theke mit Barhockern bestuhlen und nutzen zu k\u00f6nnen. Dank der hellen Farbgebung f\u00fcgt sich die Theke au\u00dferdem in verschiedenste Einrichtungen harmonisch ein. Farbe: wei\u00df H\u00f6he: 110 cm Breite: 120 cm Tiefe: 50cm<\/p>\n","protected":false},"featured_media":15275,"template":"","meta":[],"product_brand":[],"product_cat":[322,320],"product_tag":[],"class_list":{"0":"post-15274","1":"product","2":"type-product","3":"status-publish","4":"has-post-thumbnail","6":"product_cat-moebel","7":"product_cat-moebel-deko","9":"first","10":"instock","11":"shipping-taxable","12":"purchasable","13":"product-type-simple"},"_links":{"self":[{"href":"https:\/\/www.pink-event-service.de\/Mietkatalog\/wp-json\/wp\/v2\/product\/15274","targetHints":{"allow":["GET"]}}],"collection":[{"href":"https:\/\/www.pink-event-service.de\/Mietkatalog\/wp-json\/wp\/v2\/product"}],"about":[{"href":"https:\/\/www.pink-event-service.de\/Mietkatalog\/wp-json\/wp\/v2\/types\/product"}],"wp:featuredmedia":[{"embeddable":true,"href":"https:\/\/www.pink-event-service.de\/Mietkatalog\/wp-json\/wp\/v2\/media\/15275"}],"wp:attachment":[{"href":"https:\/\/www.pink-event-service.de\/Mietkatalog\/wp-json\/wp\/v2\/media?parent=15274"}],"wp:term":[{"taxonomy":"product_brand","embeddable":true,"href":"https:\/\/www.pink-event-service.de\/Mietkatalog\/wp-json\/wp\/v2\/product_brand?post=15274"},{"taxonomy":"product_cat","embeddable":true,"href":"https:\/\/www.pink-event-service.de\/Mietkatalog\/wp-json\/wp\/v2\/product_cat?post=15274"},{"taxonomy":"product_tag","embeddable":true,"href":"https:\/\/www.pink-event-service.de\/Mietkatalog\/wp-json\/wp\/v2\/product_tag?post=15274"}],"curies":[{"name":"wp","href":"https:\/\/api.w.org\/{rel}","templated":true}]}}