{"id":15280,"date":"2025-01-08T15:26:11","date_gmt":"2025-01-08T15:26:11","guid":{"rendered":"https:\/\/www.pink-event-service.de\/Mietkatalog\/?post_type=product&#038;p=15280"},"modified":"2025-01-09T12:59:30","modified_gmt":"2025-01-09T12:59:30","slug":"blackmagic-atem-4-m-e-hd-constellation","status":"publish","type":"product","link":"https:\/\/www.pink-event-service.de\/Mietkatalog\/produkt\/blackmagic-atem-4-m-e-hd-constellation","title":{"rendered":"Blackmagic ATEM 4 M\/ E HD Constellation"},"content":{"rendered":"<p>bietet 40 x 3G-SDI-Eing\u00e4nge, 24 x 3G-SDI-Ausg\u00e4nge, vier DVE, 16 ATEM Advanced Keyer, vier Multiviewer und zwei SuperSource-Prozessoren f\u00fcr insgesamt 12 DVE<\/p>\n","protected":false},"excerpt":{"rendered":"<p>bietet 40 x 3G-SDI-Eing\u00e4nge, 24 x 3G-SDI-Ausg\u00e4nge, vier DVE, 16 ATEM Advanced Keyer, vier Multiviewer und zwei SuperSource-Prozessoren f\u00fcr insgesamt 12 DVE<\/p>\n","protected":false},"featured_media":15281,"template":"","meta":[],"product_brand":[],"product_cat":[326],"product_tag":[],"class_list":{"0":"post-15280","1":"product","2":"type-product","3":"status-publish","4":"has-post-thumbnail","6":"product_cat-regie-zubehoer","8":"first","9":"instock","10":"shipping-taxable","11":"purchasable","12":"product-type-simple"},"_links":{"self":[{"href":"https:\/\/www.pink-event-service.de\/Mietkatalog\/wp-json\/wp\/v2\/product\/15280","targetHints":{"allow":["GET"]}}],"collection":[{"href":"https:\/\/www.pink-event-service.de\/Mietkatalog\/wp-json\/wp\/v2\/product"}],"about":[{"href":"https:\/\/www.pink-event-service.de\/Mietkatalog\/wp-json\/wp\/v2\/types\/product"}],"wp:featuredmedia":[{"embeddable":true,"href":"https:\/\/www.pink-event-service.de\/Mietkatalog\/wp-json\/wp\/v2\/media\/15281"}],"wp:attachment":[{"href":"https:\/\/www.pink-event-service.de\/Mietkatalog\/wp-json\/wp\/v2\/media?parent=15280"}],"wp:term":[{"taxonomy":"product_brand","embeddable":true,"href":"https:\/\/www.pink-event-service.de\/Mietkatalog\/wp-json\/wp\/v2\/product_brand?post=15280"},{"taxonomy":"product_cat","embeddable":true,"href":"https:\/\/www.pink-event-service.de\/Mietkatalog\/wp-json\/wp\/v2\/product_cat?post=15280"},{"taxonomy":"product_tag","embeddable":true,"href":"https:\/\/www.pink-event-service.de\/Mietkatalog\/wp-json\/wp\/v2\/product_tag?post=15280"}],"curies":[{"name":"wp","href":"https:\/\/api.w.org\/{rel}","templated":true}]}}