{"id":15286,"date":"2025-01-08T15:53:18","date_gmt":"2025-01-08T15:53:18","guid":{"rendered":"https:\/\/www.pink-event-service.de\/Mietkatalog\/?post_type=product&#038;p=15286"},"modified":"2025-01-10T13:44:35","modified_gmt":"2025-01-10T13:44:35","slug":"wasserspender-e-max-cc","status":"publish","type":"product","link":"https:\/\/www.pink-event-service.de\/Mietkatalog\/produkt\/wasserspender-e-max-cc","title":{"rendered":"Wasserspender E-Max CC"},"content":{"rendered":"<p>wei\u00dfer Wasserspender mit Plastikgeh\u00e4use;<br \/>\nspendet auf Knopfdruck raumtemperiertes oder gek\u00fchltes Wasser,<\/p>\n<p>In diesem Preis sind vier 1.8 L Wassergallonen und das zugeh\u00f6rige Lagersystem inklusive.<\/p>\n","protected":false},"excerpt":{"rendered":"<p>wei\u00dfer Wasserspender mit Plastikgeh\u00e4use; spendet auf Knopfdruck raumtemperiertes oder gek\u00fchltes Wasser, In diesem Preis sind vier 1.8 L Wassergallonen und das zugeh\u00f6rige Lagersystem inklusive.<\/p>\n","protected":false},"featured_media":15288,"template":"","meta":[],"product_brand":[],"product_cat":[322],"product_tag":[],"class_list":{"0":"post-15286","1":"product","2":"type-product","3":"status-publish","4":"has-post-thumbnail","6":"product_cat-moebel","8":"first","9":"instock","10":"shipping-taxable","11":"purchasable","12":"product-type-simple"},"_links":{"self":[{"href":"https:\/\/www.pink-event-service.de\/Mietkatalog\/wp-json\/wp\/v2\/product\/15286","targetHints":{"allow":["GET"]}}],"collection":[{"href":"https:\/\/www.pink-event-service.de\/Mietkatalog\/wp-json\/wp\/v2\/product"}],"about":[{"href":"https:\/\/www.pink-event-service.de\/Mietkatalog\/wp-json\/wp\/v2\/types\/product"}],"wp:featuredmedia":[{"embeddable":true,"href":"https:\/\/www.pink-event-service.de\/Mietkatalog\/wp-json\/wp\/v2\/media\/15288"}],"wp:attachment":[{"href":"https:\/\/www.pink-event-service.de\/Mietkatalog\/wp-json\/wp\/v2\/media?parent=15286"}],"wp:term":[{"taxonomy":"product_brand","embeddable":true,"href":"https:\/\/www.pink-event-service.de\/Mietkatalog\/wp-json\/wp\/v2\/product_brand?post=15286"},{"taxonomy":"product_cat","embeddable":true,"href":"https:\/\/www.pink-event-service.de\/Mietkatalog\/wp-json\/wp\/v2\/product_cat?post=15286"},{"taxonomy":"product_tag","embeddable":true,"href":"https:\/\/www.pink-event-service.de\/Mietkatalog\/wp-json\/wp\/v2\/product_tag?post=15286"}],"curies":[{"name":"wp","href":"https:\/\/api.w.org\/{rel}","templated":true}]}}