{"id":15304,"date":"2025-11-28T16:05:36","date_gmt":"2025-11-28T16:05:36","guid":{"rendered":"https:\/\/www.pink-event-service.de\/Mietkatalog\/?post_type=product&#038;p=15304"},"modified":"2025-11-28T16:05:38","modified_gmt":"2025-11-28T16:05:38","slug":"garderobenstaender-nipasen","status":"publish","type":"product","link":"https:\/\/www.pink-event-service.de\/Mietkatalog\/produkt\/garderobenstaender-nipasen","title":{"rendered":"Garderobenst\u00e4nder Nipasen"},"content":{"rendered":"<p>Dieser Garderobenst\u00e4nder hat die Farbe schwarz und passt optisch ganz gewiss in jeden gew\u00fcnschten Raum. Das Produkt hat folgende Ma\u00dfe: 56,0 x 181,0 cm (BxH). F\u00fcr eine hohe Standfestigkeit und ein geringes Gewicht von nur 4 kg sorgen vier F\u00fc\u00dfe. Der Garderobenst\u00e4nder hat 15 Haken.<\/p>\n","protected":false},"excerpt":{"rendered":"<table style=\"border-collapse: collapse; width: 374px; height: 105px;\" border=\"0\" width=\"80\" cellspacing=\"0\" cellpadding=\"0\">\n<tbody>\n<tr style=\"height: 15.0pt;\">\n<td style=\"height: 15.0pt; width: 60pt;\" width=\"80\" height=\"20\">Metall \/ Schwarz<\/p>\n<p>15 Haken<\/p>\n<p>4 F\u00fc\u00dfe<\/p>\n<p>&nbsp;<\/td>\n<\/tr>\n<\/tbody>\n<\/table>\n","protected":false},"featured_media":15294,"template":"","meta":[],"product_brand":[],"product_cat":[322,320,321],"product_tag":[],"class_list":{"0":"post-15304","1":"product","2":"type-product","3":"status-publish","4":"has-post-thumbnail","6":"product_cat-moebel","7":"product_cat-moebel-deko","8":"product_cat-stative","10":"first","11":"instock","12":"shipping-taxable","13":"purchasable","14":"product-type-simple"},"_links":{"self":[{"href":"https:\/\/www.pink-event-service.de\/Mietkatalog\/wp-json\/wp\/v2\/product\/15304","targetHints":{"allow":["GET"]}}],"collection":[{"href":"https:\/\/www.pink-event-service.de\/Mietkatalog\/wp-json\/wp\/v2\/product"}],"about":[{"href":"https:\/\/www.pink-event-service.de\/Mietkatalog\/wp-json\/wp\/v2\/types\/product"}],"wp:featuredmedia":[{"embeddable":true,"href":"https:\/\/www.pink-event-service.de\/Mietkatalog\/wp-json\/wp\/v2\/media\/15294"}],"wp:attachment":[{"href":"https:\/\/www.pink-event-service.de\/Mietkatalog\/wp-json\/wp\/v2\/media?parent=15304"}],"wp:term":[{"taxonomy":"product_brand","embeddable":true,"href":"https:\/\/www.pink-event-service.de\/Mietkatalog\/wp-json\/wp\/v2\/product_brand?post=15304"},{"taxonomy":"product_cat","embeddable":true,"href":"https:\/\/www.pink-event-service.de\/Mietkatalog\/wp-json\/wp\/v2\/product_cat?post=15304"},{"taxonomy":"product_tag","embeddable":true,"href":"https:\/\/www.pink-event-service.de\/Mietkatalog\/wp-json\/wp\/v2\/product_tag?post=15304"}],"curies":[{"name":"wp","href":"https:\/\/api.w.org\/{rel}","templated":true}]}}